{"id":1197,"date":"2019-03-07T14:10:28","date_gmt":"2019-03-07T13:10:28","guid":{"rendered":"http:\/\/www.apartmani-marija.hr\/wordpress\/?page_id=945"},"modified":"2019-04-16T19:30:49","modified_gmt":"2019-04-16T18:30:49","slug":"kauer","status":"publish","type":"page","link":"https:\/\/www.apartmani-marija.hr\/wordpress\/de\/kauer\/","title":{"rendered":"\u00dcber uns"},"content":{"rendered":"\t\t<div data-elementor-type=\"wp-post\" data-elementor-id=\"1197\" class=\"elementor elementor-1197\">\n\t\t\t\t\t\t\t\t\t<section class=\"elementor-section elementor-top-section elementor-element elementor-element-b050ebb elementor-section-content-middle elementor-section-boxed elementor-section-height-default elementor-section-height-default\" data-id=\"b050ebb\" data-element_type=\"section\">\n\t\t\t\t\t\t<div class=\"elementor-container elementor-column-gap-default\">\n\t\t\t\t\t<div class=\"elementor-column elementor-col-100 elementor-top-column elementor-element elementor-element-d69bc02\" data-id=\"d69bc02\" data-element_type=\"column\">\n\t\t\t<div class=\"elementor-widget-wrap elementor-element-populated\">\n\t\t\t\t\t\t\t\t<div class=\"elementor-element elementor-element-5038606 elementor-widget elementor-widget-heading\" data-id=\"5038606\" data-element_type=\"widget\" data-widget_type=\"heading.default\">\n\t\t\t\t<div class=\"elementor-widget-container\">\n\t\t\t<h1 class=\"elementor-heading-title elementor-size-default\">\u00dcber uns<\/h1>\t\t<\/div>\n\t\t\t\t<\/div>\n\t\t\t\t<div class=\"elementor-element elementor-element-0391db0 animated-slow elementor-widget-divider--view-line elementor-invisible elementor-widget elementor-widget-divider\" data-id=\"0391db0\" data-element_type=\"widget\" data-settings=\"{&quot;_animation&quot;:&quot;zoomIn&quot;}\" data-widget_type=\"divider.default\">\n\t\t\t\t<div class=\"elementor-widget-container\">\n\t\t\t\t\t<div class=\"elementor-divider\">\n\t\t\t<span class=\"elementor-divider-separator\">\n\t\t\t\t\t\t<\/span>\n\t\t<\/div>\n\t\t\t\t<\/div>\n\t\t\t\t<\/div>\n\t\t\t\t\t<\/div>\n\t\t<\/div>\n\t\t\t\t\t\t\t<\/div>\n\t\t<\/section>\n\t\t\t\t<section class=\"elementor-section elementor-top-section elementor-element elementor-element-c2fd2d3 elementor-section-full_width elementor-section-stretched elementor-section-height-default elementor-section-height-default\" data-id=\"c2fd2d3\" data-element_type=\"section\" data-settings=\"{&quot;stretch_section&quot;:&quot;section-stretched&quot;}\">\n\t\t\t\t\t\t<div class=\"elementor-container elementor-column-gap-default\">\n\t\t\t\t\t<div class=\"elementor-column elementor-col-50 elementor-top-column elementor-element elementor-element-d49f718\" data-id=\"d49f718\" data-element_type=\"column\">\n\t\t\t<div class=\"elementor-widget-wrap elementor-element-populated\">\n\t\t\t\t\t\t\t\t<div class=\"elementor-element elementor-element-5c71349 elementor-arrows-position-inside elementor-widget elementor-widget-image-carousel\" data-id=\"5c71349\" data-element_type=\"widget\" data-settings=\"{&quot;slides_to_show&quot;:&quot;1&quot;,&quot;navigation&quot;:&quot;arrows&quot;,&quot;autoplay_speed&quot;:2000,&quot;effect&quot;:&quot;fade&quot;,&quot;speed&quot;:400,&quot;autoplay&quot;:&quot;yes&quot;,&quot;pause_on_hover&quot;:&quot;yes&quot;,&quot;pause_on_interaction&quot;:&quot;yes&quot;,&quot;infinite&quot;:&quot;yes&quot;}\" data-widget_type=\"image-carousel.default\">\n\t\t\t\t<div class=\"elementor-widget-container\">\n\t\t\t\t\t<div class=\"elementor-image-carousel-wrapper swiper-container\" dir=\"ltr\">\n\t\t\t<div class=\"elementor-image-carousel swiper-wrapper\" aria-live=\"off\">\n\t\t\t\t\t\t\t\t<div class=\"swiper-slide\" role=\"group\" aria-roledescription=\"slide\" aria-label=\"1 of 1\"><a data-elementor-open-lightbox=\"yes\" data-elementor-lightbox-slideshow=\"5c71349\" data-elementor-lightbox-title=\"U-pogled1\" data-e-action-hash=\"#elementor-action%3Aaction%3Dlightbox%26settings%3DeyJpZCI6OTUxLCJ1cmwiOiJodHRwczpcL1wvd3d3LmFwYXJ0bWFuaS1tYXJpamEuaHJcL3dvcmRwcmVzc1wvd3AtY29udGVudFwvdXBsb2Fkc1wvMjAxOVwvMDNcL1UtcG9nbGVkMS5qcGciLCJzbGlkZXNob3ciOiI1YzcxMzQ5In0%3D\" href=\"https:\/\/www.apartmani-marija.hr\/wordpress\/wp-content\/uploads\/2019\/03\/U-pogled1.jpg\"><figure class=\"swiper-slide-inner\"><img decoding=\"async\" class=\"swiper-slide-image\" src=\"https:\/\/www.apartmani-marija.hr\/wordpress\/wp-content\/uploads\/2019\/03\/U-pogled1.jpg\" alt=\"U-pogled1\" \/><\/figure><\/a><\/div>\t\t\t<\/div>\n\t\t\t\t\t<\/div>\n\t\t\t\t<\/div>\n\t\t\t\t<\/div>\n\t\t\t\t\t<\/div>\n\t\t<\/div>\n\t\t\t\t<div class=\"elementor-column elementor-col-50 elementor-top-column elementor-element elementor-element-1324f33\" data-id=\"1324f33\" data-element_type=\"column\">\n\t\t\t<div class=\"elementor-widget-wrap elementor-element-populated\">\n\t\t\t\t\t\t\t\t<div class=\"elementor-element elementor-element-7e336c6 elementor-widget elementor-widget-text-editor\" data-id=\"7e336c6\" data-element_type=\"widget\" data-widget_type=\"text-editor.default\">\n\t\t\t\t<div class=\"elementor-widget-container\">\n\t\t\t\t\t\t\t<p>Unser Haus befindet sich in Ko\u017eino, 5 km von Zadar, 4 km von Zaton und nur 2 km von Petr\u010dane entfernt, wo sich ein wundersch\u00f6ner Sandstrand befindet.<\/p><p>Ko\u017eino ist ein kleiner, ruhiger Ort mit geringem Verkehr und allem, was Sie f\u00fcr Ihren Urlaub brauchen. Es gibt eine tolle Strandbar, ein Gesch\u00e4ft und Restaurants.\u00a0\u00a0<\/p><p>Es gibt 4 Apartments mit zwei Schlafzimmern und 2 Apartments mit drei Zimmern. Jede Wohnung hat ihre eigene Terrasse mit Meerblick. Vor dem Haus befindet sich ein gro\u00dfer Parkplatz und die Entfernung zum Strand betr\u00e4gt nur 70 Meter oder 2 Minuten zu Fu\u00df.<\/p><p>Ruhe und Ruhe, die Ihnen diesen Ort und die Wohnungen sowie die N\u00e4he zur Stadt Zadar bieten kann, werden Ihnen einen angenehmen Urlaub bereiten.<\/p>\t\t\t\t\t\t<\/div>\n\t\t\t\t<\/div>\n\t\t\t\t\t<\/div>\n\t\t<\/div>\n\t\t\t\t\t\t\t<\/div>\n\t\t<\/section>\n\t\t\t\t<section class=\"elementor-section elementor-top-section elementor-element elementor-element-161f352 elementor-section-stretched elementor-section-full_width elementor-section-height-default elementor-section-height-default\" data-id=\"161f352\" data-element_type=\"section\" data-settings=\"{&quot;stretch_section&quot;:&quot;section-stretched&quot;}\">\n\t\t\t\t\t\t<div class=\"elementor-container elementor-column-gap-default\">\n\t\t\t\t\t<div class=\"elementor-column elementor-col-100 elementor-top-column elementor-element elementor-element-8f92a7d\" data-id=\"8f92a7d\" data-element_type=\"column\">\n\t\t\t<div class=\"elementor-widget-wrap elementor-element-populated\">\n\t\t\t\t\t\t\t\t<div class=\"elementor-element elementor-element-735103d elementor-widget elementor-widget-heading\" data-id=\"735103d\" data-element_type=\"widget\" data-widget_type=\"heading.default\">\n\t\t\t\t<div class=\"elementor-widget-container\">\n\t\t\t<h1 class=\"elementor-heading-title elementor-size-default\">Momente<\/h1>\t\t<\/div>\n\t\t\t\t<\/div>\n\t\t\t\t<div class=\"elementor-element elementor-element-1377fbd gallery-spacing-custom elementor-widget elementor-widget-image-gallery\" data-id=\"1377fbd\" data-element_type=\"widget\" data-widget_type=\"image-gallery.default\">\n\t\t\t\t<div class=\"elementor-widget-container\">\n\t\t\t\t\t<div class=\"elementor-image-gallery\">\n\t\t\t<div id='gallery-1' class='gallery galleryid-1197 gallery-columns-4 gallery-size-large'><figure class='gallery-item'>\n\t\t\t<div class='gallery-icon landscape'>\n\t\t\t\t<a data-elementor-open-lightbox=\"yes\" data-elementor-lightbox-slideshow=\"1377fbd\" data-e-action-hash=\"#elementor-action%3Aaction%3Dlightbox%26settings%3DeyJpZCI6OTYzLCJ1cmwiOiJodHRwczpcL1wvd3d3LmFwYXJ0bWFuaS1tYXJpamEuaHJcL3dvcmRwcmVzc1wvd3AtY29udGVudFwvdXBsb2Fkc1wvMjAxOVwvMDNcL1ota3VjYS5qcGciLCJzbGlkZXNob3ciOiIxMzc3ZmJkIn0%3D\" href='https:\/\/www.apartmani-marija.hr\/wordpress\/wp-content\/uploads\/2019\/03\/Z-kuca.jpg'><img fetchpriority=\"high\" decoding=\"async\" width=\"709\" height=\"531\" src=\"https:\/\/www.apartmani-marija.hr\/wordpress\/wp-content\/uploads\/2019\/03\/Z-kuca.jpg\" class=\"attachment-large size-large\" alt=\"\" srcset=\"https:\/\/www.apartmani-marija.hr\/wordpress\/wp-content\/uploads\/2019\/03\/Z-kuca.jpg 709w, https:\/\/www.apartmani-marija.hr\/wordpress\/wp-content\/uploads\/2019\/03\/Z-kuca-300x225.jpg 300w\" sizes=\"(max-width: 709px) 100vw, 709px\" \/><\/a>\n\t\t\t<\/div><\/figure><figure class='gallery-item'>\n\t\t\t<div class='gallery-icon landscape'>\n\t\t\t\t<a data-elementor-open-lightbox=\"yes\" data-elementor-lightbox-slideshow=\"1377fbd\" data-e-action-hash=\"#elementor-action%3Aaction%3Dlightbox%26settings%3DeyJpZCI6OTU2LCJ1cmwiOiJodHRwczpcL1wvd3d3LmFwYXJ0bWFuaS1tYXJpamEuaHJcL3dvcmRwcmVzc1wvd3AtY29udGVudFwvdXBsb2Fkc1wvMjAxOVwvMDNcL1UtcGxhemExX2pwZy5qcGciLCJzbGlkZXNob3ciOiIxMzc3ZmJkIn0%3D\" href='https:\/\/www.apartmani-marija.hr\/wordpress\/wp-content\/uploads\/2019\/03\/U-plaza1_jpg.jpg'><img decoding=\"async\" width=\"567\" height=\"425\" src=\"https:\/\/www.apartmani-marija.hr\/wordpress\/wp-content\/uploads\/2019\/03\/U-plaza1_jpg.jpg\" class=\"attachment-large size-large\" alt=\"\" srcset=\"https:\/\/www.apartmani-marija.hr\/wordpress\/wp-content\/uploads\/2019\/03\/U-plaza1_jpg.jpg 567w, https:\/\/www.apartmani-marija.hr\/wordpress\/wp-content\/uploads\/2019\/03\/U-plaza1_jpg-300x225.jpg 300w\" sizes=\"(max-width: 567px) 100vw, 567px\" \/><\/a>\n\t\t\t<\/div><\/figure><figure class='gallery-item'>\n\t\t\t<div class='gallery-icon landscape'>\n\t\t\t\t<a data-elementor-open-lightbox=\"yes\" data-elementor-lightbox-slideshow=\"1377fbd\" data-e-action-hash=\"#elementor-action%3Aaction%3Dlightbox%26settings%3DeyJpZCI6OTYwLCJ1cmwiOiJodHRwczpcL1wvd3d3LmFwYXJ0bWFuaS1tYXJpamEuaHJcL3dvcmRwcmVzc1wvd3AtY29udGVudFwvdXBsb2Fkc1wvMjAxOVwvMDNcL1UtcmliYS5qcGciLCJzbGlkZXNob3ciOiIxMzc3ZmJkIn0%3D\" href='https:\/\/www.apartmani-marija.hr\/wordpress\/wp-content\/uploads\/2019\/03\/U-riba.jpg'><img decoding=\"async\" width=\"567\" height=\"425\" src=\"https:\/\/www.apartmani-marija.hr\/wordpress\/wp-content\/uploads\/2019\/03\/U-riba.jpg\" class=\"attachment-large size-large\" alt=\"\" srcset=\"https:\/\/www.apartmani-marija.hr\/wordpress\/wp-content\/uploads\/2019\/03\/U-riba.jpg 567w, https:\/\/www.apartmani-marija.hr\/wordpress\/wp-content\/uploads\/2019\/03\/U-riba-300x225.jpg 300w\" sizes=\"(max-width: 567px) 100vw, 567px\" \/><\/a>\n\t\t\t<\/div><\/figure><figure class='gallery-item'>\n\t\t\t<div class='gallery-icon landscape'>\n\t\t\t\t<a data-elementor-open-lightbox=\"yes\" data-elementor-lightbox-slideshow=\"1377fbd\" data-e-action-hash=\"#elementor-action%3Aaction%3Dlightbox%26settings%3DeyJpZCI6OTc5LCJ1cmwiOiJodHRwczpcL1wvd3d3LmFwYXJ0bWFuaS1tYXJpamEuaHJcL3dvcmRwcmVzc1wvd3AtY29udGVudFwvdXBsb2Fkc1wvMjAxOVwvMDNcL1Utcm9zdGlsai0xLmpwZyIsInNsaWRlc2hvdyI6IjEzNzdmYmQifQ%3D%3D\" href='https:\/\/www.apartmani-marija.hr\/wordpress\/wp-content\/uploads\/2019\/03\/U-rostilj-1.jpg'><img loading=\"lazy\" decoding=\"async\" width=\"567\" height=\"424\" src=\"https:\/\/www.apartmani-marija.hr\/wordpress\/wp-content\/uploads\/2019\/03\/U-rostilj-1.jpg\" class=\"attachment-large size-large\" alt=\"\" srcset=\"https:\/\/www.apartmani-marija.hr\/wordpress\/wp-content\/uploads\/2019\/03\/U-rostilj-1.jpg 567w, https:\/\/www.apartmani-marija.hr\/wordpress\/wp-content\/uploads\/2019\/03\/U-rostilj-1-300x224.jpg 300w\" sizes=\"(max-width: 567px) 100vw, 567px\" \/><\/a>\n\t\t\t<\/div><\/figure><figure class='gallery-item'>\n\t\t\t<div class='gallery-icon landscape'>\n\t\t\t\t<a data-elementor-open-lightbox=\"yes\" data-elementor-lightbox-slideshow=\"1377fbd\" data-e-action-hash=\"#elementor-action%3Aaction%3Dlightbox%26settings%3DeyJpZCI6OTYyLCJ1cmwiOiJodHRwczpcL1wvd3d3LmFwYXJ0bWFuaS1tYXJpamEuaHJcL3dvcmRwcmVzc1wvd3AtY29udGVudFwvdXBsb2Fkc1wvMjAxOVwvMDNcL1UtdGVyYXNhLmpwZyIsInNsaWRlc2hvdyI6IjEzNzdmYmQifQ%3D%3D\" data-elementor-lightbox-title=\"U-terasa\" href='https:\/\/www.apartmani-marija.hr\/wordpress\/wp-content\/uploads\/2019\/03\/U-terasa.jpg'><img loading=\"lazy\" decoding=\"async\" width=\"567\" height=\"425\" src=\"https:\/\/www.apartmani-marija.hr\/wordpress\/wp-content\/uploads\/2019\/03\/U-terasa.jpg\" class=\"attachment-large size-large\" alt=\"\" srcset=\"https:\/\/www.apartmani-marija.hr\/wordpress\/wp-content\/uploads\/2019\/03\/U-terasa.jpg 567w, https:\/\/www.apartmani-marija.hr\/wordpress\/wp-content\/uploads\/2019\/03\/U-terasa-300x225.jpg 300w\" sizes=\"(max-width: 567px) 100vw, 567px\" \/><\/a>\n\t\t\t<\/div><\/figure><figure class='gallery-item'>\n\t\t\t<div class='gallery-icon landscape'>\n\t\t\t\t<a data-elementor-open-lightbox=\"yes\" data-elementor-lightbox-slideshow=\"1377fbd\" data-e-action-hash=\"#elementor-action%3Aaction%3Dlightbox%26settings%3DeyJpZCI6OTU0LCJ1cmwiOiJodHRwczpcL1wvd3d3LmFwYXJ0bWFuaS1tYXJpamEuaHJcL3dvcmRwcmVzc1wvd3AtY29udGVudFwvdXBsb2Fkc1wvMjAxOVwvMDNcL1UtaG9ib3RuaWNhLmpwZyIsInNsaWRlc2hvdyI6IjEzNzdmYmQifQ%3D%3D\" data-elementor-lightbox-title=\"U-terasa\" href='https:\/\/www.apartmani-marija.hr\/wordpress\/wp-content\/uploads\/2019\/03\/U-hobotnica.jpg'><img loading=\"lazy\" decoding=\"async\" width=\"567\" height=\"425\" src=\"https:\/\/www.apartmani-marija.hr\/wordpress\/wp-content\/uploads\/2019\/03\/U-hobotnica.jpg\" class=\"attachment-large size-large\" alt=\"\" srcset=\"https:\/\/www.apartmani-marija.hr\/wordpress\/wp-content\/uploads\/2019\/03\/U-hobotnica.jpg 567w, https:\/\/www.apartmani-marija.hr\/wordpress\/wp-content\/uploads\/2019\/03\/U-hobotnica-300x225.jpg 300w\" sizes=\"(max-width: 567px) 100vw, 567px\" \/><\/a>\n\t\t\t<\/div><\/figure><figure class='gallery-item'>\n\t\t\t<div class='gallery-icon landscape'>\n\t\t\t\t<a data-elementor-open-lightbox=\"yes\" data-elementor-lightbox-slideshow=\"1377fbd\" data-e-action-hash=\"#elementor-action%3Aaction%3Dlightbox%26settings%3DeyJpZCI6OTU3LCJ1cmwiOiJodHRwczpcL1wvd3d3LmFwYXJ0bWFuaS1tYXJpamEuaHJcL3dvcmRwcmVzc1wvd3AtY29udGVudFwvdXBsb2Fkc1wvMjAxOVwvMDNcL1UtcG9nbGVkLmpwZyIsInNsaWRlc2hvdyI6IjEzNzdmYmQifQ%3D%3D\" data-elementor-lightbox-title=\"U-terasa\" href='https:\/\/www.apartmani-marija.hr\/wordpress\/wp-content\/uploads\/2019\/03\/U-pogled.jpg'><img loading=\"lazy\" decoding=\"async\" width=\"567\" height=\"425\" src=\"https:\/\/www.apartmani-marija.hr\/wordpress\/wp-content\/uploads\/2019\/03\/U-pogled.jpg\" class=\"attachment-large size-large\" alt=\"\" srcset=\"https:\/\/www.apartmani-marija.hr\/wordpress\/wp-content\/uploads\/2019\/03\/U-pogled.jpg 567w, https:\/\/www.apartmani-marija.hr\/wordpress\/wp-content\/uploads\/2019\/03\/U-pogled-300x225.jpg 300w\" sizes=\"(max-width: 567px) 100vw, 567px\" \/><\/a>\n\t\t\t<\/div><\/figure><figure class='gallery-item'>\n\t\t\t<div class='gallery-icon landscape'>\n\t\t\t\t<a data-elementor-open-lightbox=\"yes\" data-elementor-lightbox-slideshow=\"1377fbd\" data-e-action-hash=\"#elementor-action%3Aaction%3Dlightbox%26settings%3DeyJpZCI6OTU1LCJ1cmwiOiJodHRwczpcL1wvd3d3LmFwYXJ0bWFuaS1tYXJpamEuaHJcL3dvcmRwcmVzc1wvd3AtY29udGVudFwvdXBsb2Fkc1wvMjAxOVwvMDNcL1Uta3VjYTEuanBnIiwic2xpZGVzaG93IjoiMTM3N2ZiZCJ9\" data-elementor-lightbox-title=\"U-terasa\" href='https:\/\/www.apartmani-marija.hr\/wordpress\/wp-content\/uploads\/2019\/03\/U-kuca1.jpg'><img loading=\"lazy\" decoding=\"async\" width=\"567\" height=\"425\" src=\"https:\/\/www.apartmani-marija.hr\/wordpress\/wp-content\/uploads\/2019\/03\/U-kuca1.jpg\" class=\"attachment-large size-large\" alt=\"\" srcset=\"https:\/\/www.apartmani-marija.hr\/wordpress\/wp-content\/uploads\/2019\/03\/U-kuca1.jpg 567w, https:\/\/www.apartmani-marija.hr\/wordpress\/wp-content\/uploads\/2019\/03\/U-kuca1-300x225.jpg 300w\" sizes=\"(max-width: 567px) 100vw, 567px\" \/><\/a>\n\t\t\t<\/div><\/figure><figure class='gallery-item'>\n\t\t\t<div class='gallery-icon landscape'>\n\t\t\t\t<a data-elementor-open-lightbox=\"yes\" data-elementor-lightbox-slideshow=\"1377fbd\" data-e-action-hash=\"#elementor-action%3Aaction%3Dlightbox%26settings%3DeyJpZCI6OTU5LCJ1cmwiOiJodHRwczpcL1wvd3d3LmFwYXJ0bWFuaS1tYXJpamEuaHJcL3dvcmRwcmVzc1wvd3AtY29udGVudFwvdXBsb2Fkc1wvMjAxOVwvMDNcL1UtcG9nbGVkMi5qcGciLCJzbGlkZXNob3ciOiIxMzc3ZmJkIn0%3D\" data-elementor-lightbox-title=\"U-terasa\" href='https:\/\/www.apartmani-marija.hr\/wordpress\/wp-content\/uploads\/2019\/03\/U-pogled2.jpg'><img loading=\"lazy\" decoding=\"async\" width=\"567\" height=\"378\" src=\"https:\/\/www.apartmani-marija.hr\/wordpress\/wp-content\/uploads\/2019\/03\/U-pogled2.jpg\" class=\"attachment-large size-large\" alt=\"\" srcset=\"https:\/\/www.apartmani-marija.hr\/wordpress\/wp-content\/uploads\/2019\/03\/U-pogled2.jpg 567w, https:\/\/www.apartmani-marija.hr\/wordpress\/wp-content\/uploads\/2019\/03\/U-pogled2-300x200.jpg 300w\" sizes=\"(max-width: 567px) 100vw, 567px\" \/><\/a>\n\t\t\t<\/div><\/figure><figure class='gallery-item'>\n\t\t\t<div class='gallery-icon landscape'>\n\t\t\t\t<a data-elementor-open-lightbox=\"yes\" data-elementor-lightbox-slideshow=\"1377fbd\" data-e-action-hash=\"#elementor-action%3Aaction%3Dlightbox%26settings%3DeyJpZCI6OTUzLCJ1cmwiOiJodHRwczpcL1wvd3d3LmFwYXJ0bWFuaS1tYXJpamEuaHJcL3dvcmRwcmVzc1wvd3AtY29udGVudFwvdXBsb2Fkc1wvMjAxOVwvMDNcL1UtYnJvZC5qcGciLCJzbGlkZXNob3ciOiIxMzc3ZmJkIn0%3D\" data-elementor-lightbox-title=\"U-terasa\" href='https:\/\/www.apartmani-marija.hr\/wordpress\/wp-content\/uploads\/2019\/03\/U-brod.jpg'><img loading=\"lazy\" decoding=\"async\" width=\"567\" height=\"378\" src=\"https:\/\/www.apartmani-marija.hr\/wordpress\/wp-content\/uploads\/2019\/03\/U-brod.jpg\" class=\"attachment-large size-large\" alt=\"\" srcset=\"https:\/\/www.apartmani-marija.hr\/wordpress\/wp-content\/uploads\/2019\/03\/U-brod.jpg 567w, https:\/\/www.apartmani-marija.hr\/wordpress\/wp-content\/uploads\/2019\/03\/U-brod-300x200.jpg 300w\" sizes=\"(max-width: 567px) 100vw, 567px\" \/><\/a>\n\t\t\t<\/div><\/figure><figure class='gallery-item'>\n\t\t\t<div class='gallery-icon landscape'>\n\t\t\t\t<a data-elementor-open-lightbox=\"yes\" data-elementor-lightbox-slideshow=\"1377fbd\" data-e-action-hash=\"#elementor-action%3Aaction%3Dlightbox%26settings%3DeyJpZCI6OTUyLCJ1cmwiOiJodHRwczpcL1wvd3d3LmFwYXJ0bWFuaS1tYXJpamEuaHJcL3dvcmRwcmVzc1wvd3AtY29udGVudFwvdXBsb2Fkc1wvMjAxOVwvMDNcL1Uta2FtaW4yLWUxNTUyMjA3ODEzNzU5LmpwZyIsInNsaWRlc2hvdyI6IjEzNzdmYmQifQ%3D%3D\" data-elementor-lightbox-title=\"U- kamin2\" href='https:\/\/www.apartmani-marija.hr\/wordpress\/wp-content\/uploads\/2019\/03\/U-kamin2-e1552207813759.jpg'><img loading=\"lazy\" decoding=\"async\" width=\"567\" height=\"378\" src=\"https:\/\/www.apartmani-marija.hr\/wordpress\/wp-content\/uploads\/2019\/03\/U-kamin2-e1552207813759.jpg\" class=\"attachment-large size-large\" alt=\"\" srcset=\"https:\/\/www.apartmani-marija.hr\/wordpress\/wp-content\/uploads\/2019\/03\/U-kamin2-e1552207813759.jpg 567w, https:\/\/www.apartmani-marija.hr\/wordpress\/wp-content\/uploads\/2019\/03\/U-kamin2-e1552207813759-300x200.jpg 300w\" sizes=\"(max-width: 567px) 100vw, 567px\" \/><\/a>\n\t\t\t<\/div><\/figure><figure class='gallery-item'>\n\t\t\t<div class='gallery-icon landscape'>\n\t\t\t\t<a data-elementor-open-lightbox=\"yes\" data-elementor-lightbox-slideshow=\"1377fbd\" data-e-action-hash=\"#elementor-action%3Aaction%3Dlightbox%26settings%3DeyJpZCI6OTE4LCJ1cmwiOiJodHRwczpcL1wvd3d3LmFwYXJ0bWFuaS1tYXJpamEuaHJcL3dvcmRwcmVzc1wvd3AtY29udGVudFwvdXBsb2Fkc1wvMjAxOVwvMDNcL3NpcGFrX20tZTE1NTIyMDc1MDI4NzAuanBnIiwic2xpZGVzaG93IjoiMTM3N2ZiZCJ9\" data-elementor-lightbox-title=\"sipak_m\" href='https:\/\/www.apartmani-marija.hr\/wordpress\/wp-content\/uploads\/2019\/03\/sipak_m-e1552207502870.jpg'><img loading=\"lazy\" decoding=\"async\" width=\"567\" height=\"377\" src=\"https:\/\/www.apartmani-marija.hr\/wordpress\/wp-content\/uploads\/2019\/03\/sipak_m-e1552207502870.jpg\" class=\"attachment-large size-large\" alt=\"\" srcset=\"https:\/\/www.apartmani-marija.hr\/wordpress\/wp-content\/uploads\/2019\/03\/sipak_m-e1552207502870.jpg 567w, https:\/\/www.apartmani-marija.hr\/wordpress\/wp-content\/uploads\/2019\/03\/sipak_m-e1552207502870-300x199.jpg 300w\" sizes=\"(max-width: 567px) 100vw, 567px\" \/><\/a>\n\t\t\t<\/div><\/figure>\n\t\t<\/div>\n\t\t<\/div>\n\t\t\t\t<\/div>\n\t\t\t\t<\/div>\n\t\t\t\t\t<\/div>\n\t\t<\/div>\n\t\t\t\t\t\t\t<\/div>\n\t\t<\/section>\n\t\t\t\t\t\t\t<\/div>\n\t\t","protected":false},"excerpt":{"rendered":"<p>\u00dcber uns Unser Haus befindet sich in Ko\u017eino, 5 km von Zadar, 4 km von Zaton und nur 2 km von Petr\u010dane entfernt, wo sich ein wundersch\u00f6ner Sandstrand befindet. Ko\u017eino ist ein kleiner, ruhiger Ort mit geringem Verkehr und allem, was Sie f\u00fcr Ihren Urlaub brauchen. Es gibt eine tolle Strandbar, ein Gesch\u00e4ft und Restaurants.\u00a0\u00a0 [&hellip;]<\/p>\n","protected":false},"author":1,"featured_media":0,"parent":0,"menu_order":0,"comment_status":"closed","ping_status":"closed","template":"","meta":{"om_disable_all_campaigns":false,"_monsterinsights_skip_tracking":false,"_monsterinsights_sitenote_active":false,"_monsterinsights_sitenote_note":"","_monsterinsights_sitenote_category":0,"footnotes":""},"class_list":["post-1197","page","type-page","status-publish","hentry","entry"],"aioseo_notices":[],"_links":{"self":[{"href":"https:\/\/www.apartmani-marija.hr\/wordpress\/wp-json\/wp\/v2\/pages\/1197","targetHints":{"allow":["GET"]}}],"collection":[{"href":"https:\/\/www.apartmani-marija.hr\/wordpress\/wp-json\/wp\/v2\/pages"}],"about":[{"href":"https:\/\/www.apartmani-marija.hr\/wordpress\/wp-json\/wp\/v2\/types\/page"}],"author":[{"embeddable":true,"href":"https:\/\/www.apartmani-marija.hr\/wordpress\/wp-json\/wp\/v2\/users\/1"}],"replies":[{"embeddable":true,"href":"https:\/\/www.apartmani-marija.hr\/wordpress\/wp-json\/wp\/v2\/comments?post=1197"}],"version-history":[{"count":0,"href":"https:\/\/www.apartmani-marija.hr\/wordpress\/wp-json\/wp\/v2\/pages\/1197\/revisions"}],"wp:attachment":[{"href":"https:\/\/www.apartmani-marija.hr\/wordpress\/wp-json\/wp\/v2\/media?parent=1197"}],"curies":[{"name":"wp","href":"https:\/\/api.w.org\/{rel}","templated":true}]}}