{"id":1186,"date":"2019-02-12T21:07:47","date_gmt":"2019-02-12T20:07:47","guid":{"rendered":"http:\/\/www.apartmani-marija.hr\/wordpress\/?page_id=796"},"modified":"2024-07-06T19:24:03","modified_gmt":"2024-07-06T18:24:03","slug":"app-a-5","status":"publish","type":"page","link":"https:\/\/www.apartmani-marija.hr\/wordpress\/hr\/app-a-5\/","title":{"rendered":"APLIKACIJA A"},"content":{"rendered":"\t\t<div data-elementor-type=\"wp-post\" data-elementor-id=\"1186\" class=\"elementor elementor-1186\">\n\t\t\t\t\t\t\t\t\t<section class=\"elementor-section elementor-top-section elementor-element elementor-element-d05853c elementor-section-boxed elementor-section-height-default elementor-section-height-default\" data-id=\"d05853c\" data-element_type=\"section\">\n\t\t\t\t\t\t<div class=\"elementor-container elementor-column-gap-default\">\n\t\t\t\t\t<div class=\"elementor-column elementor-col-100 elementor-top-column elementor-element elementor-element-bbd1043\" data-id=\"bbd1043\" data-element_type=\"column\">\n\t\t\t<div class=\"elementor-widget-wrap elementor-element-populated\">\n\t\t\t\t\t\t\t\t<div class=\"elementor-element elementor-element-f293993 elementor-widget elementor-widget-heading\" data-id=\"f293993\" data-element_type=\"widget\" data-widget_type=\"heading.default\">\n\t\t\t\t<div class=\"elementor-widget-container\">\n\t\t\t<h1 class=\"elementor-heading-title elementor-size-default\">APARTMENT 7<\/h1>\t\t<\/div>\n\t\t\t\t<\/div>\n\t\t\t\t<div class=\"elementor-element elementor-element-11a8dcb animated-slow elementor-widget-divider--view-line elementor-invisible elementor-widget elementor-widget-divider\" data-id=\"11a8dcb\" data-element_type=\"widget\" data-settings=\"{&quot;_animation&quot;:&quot;zoomIn&quot;}\" data-widget_type=\"divider.default\">\n\t\t\t\t<div class=\"elementor-widget-container\">\n\t\t\t\t\t<div class=\"elementor-divider\">\n\t\t\t<span class=\"elementor-divider-separator\">\n\t\t\t\t\t\t<\/span>\n\t\t<\/div>\n\t\t\t\t<\/div>\n\t\t\t\t<\/div>\n\t\t\t\t<div class=\"elementor-element elementor-element-6754f70 elementor-widget elementor-widget-shortcode\" data-id=\"6754f70\" data-element_type=\"widget\" data-widget_type=\"shortcode.default\">\n\t\t\t\t<div class=\"elementor-widget-container\">\n\t\t\t\t\t<div class=\"elementor-shortcode\"><\/div>\n\t\t\t\t<\/div>\n\t\t\t\t<\/div>\n\t\t\t\t\t<\/div>\n\t\t<\/div>\n\t\t\t\t\t\t\t<\/div>\n\t\t<\/section>\n\t\t\t\t<section class=\"elementor-section elementor-top-section elementor-element elementor-element-7538531 elementor-section-full_width elementor-section-height-default elementor-section-height-default\" data-id=\"7538531\" data-element_type=\"section\">\n\t\t\t\t\t\t<div class=\"elementor-container elementor-column-gap-default\">\n\t\t\t\t\t<div class=\"elementor-column elementor-col-50 elementor-top-column elementor-element elementor-element-f3d22e8\" data-id=\"f3d22e8\" data-element_type=\"column\">\n\t\t\t<div class=\"elementor-widget-wrap elementor-element-populated\">\n\t\t\t\t\t\t\t\t<div class=\"elementor-element elementor-element-9c29fe3 elementor-arrows-position-inside elementor-widget elementor-widget-image-carousel\" data-id=\"9c29fe3\" data-element_type=\"widget\" data-settings=\"{&quot;slides_to_show&quot;:&quot;1&quot;,&quot;navigation&quot;:&quot;arrows&quot;,&quot;autoplay_speed&quot;:2000,&quot;effect&quot;:&quot;fade&quot;,&quot;speed&quot;:400,&quot;autoplay&quot;:&quot;yes&quot;,&quot;pause_on_hover&quot;:&quot;yes&quot;,&quot;pause_on_interaction&quot;:&quot;yes&quot;,&quot;infinite&quot;:&quot;yes&quot;}\" data-widget_type=\"image-carousel.default\">\n\t\t\t\t<div class=\"elementor-widget-container\">\n\t\t\t\t\t<div class=\"elementor-image-carousel-wrapper swiper-container\" dir=\"ltr\">\n\t\t\t<div class=\"elementor-image-carousel swiper-wrapper\" aria-live=\"off\">\n\t\t\t\t\t\t\t\t<div class=\"swiper-slide\" role=\"group\" aria-roledescription=\"slide\" aria-label=\"1 of 12\"><a data-elementor-open-lightbox=\"yes\" data-elementor-lightbox-slideshow=\"9c29fe3\" data-elementor-lightbox-title=\"OLYMPUS DIGITAL CAMERA\" data-e-action-hash=\"#elementor-action%3Aaction%3Dlightbox%26settings%3DeyJpZCI6NjI1LCJ1cmwiOiJodHRwczpcL1wvd3d3LmFwYXJ0bWFuaS1tYXJpamEuaHJcL3dvcmRwcmVzc1wvd3AtY29udGVudFwvdXBsb2Fkc1wvMjAxOVwvMDJcL0EtZG5ldm5hLWUxNTQ5OTY3NjU0OTQ5LmpwZyIsInNsaWRlc2hvdyI6IjljMjlmZTMifQ%3D%3D\" href=\"https:\/\/www.apartmani-marija.hr\/wordpress\/wp-content\/uploads\/2019\/02\/A-dnevna-e1549967654949.jpg\"><figure class=\"swiper-slide-inner\"><img decoding=\"async\" class=\"swiper-slide-image\" src=\"https:\/\/www.apartmani-marija.hr\/wordpress\/wp-content\/uploads\/2019\/02\/A-dnevna-e1549967654949.jpg\" alt=\"OLYMPUS DIGITAL CAMERA\" \/><\/figure><\/a><\/div><div class=\"swiper-slide\" role=\"group\" aria-roledescription=\"slide\" aria-label=\"2 of 12\"><a data-elementor-open-lightbox=\"yes\" data-elementor-lightbox-slideshow=\"9c29fe3\" data-elementor-lightbox-title=\"A-dnevna_1\" data-e-action-hash=\"#elementor-action%3Aaction%3Dlightbox%26settings%3DeyJpZCI6NjI2LCJ1cmwiOiJodHRwczpcL1wvd3d3LmFwYXJ0bWFuaS1tYXJpamEuaHJcL3dvcmRwcmVzc1wvd3AtY29udGVudFwvdXBsb2Fkc1wvMjAxOVwvMDJcL0EtZG5ldm5hXzEtZTE1NDk5Njc1MzkyNzkuanBnIiwic2xpZGVzaG93IjoiOWMyOWZlMyJ9\" href=\"https:\/\/www.apartmani-marija.hr\/wordpress\/wp-content\/uploads\/2019\/02\/A-dnevna_1-e1549967539279.jpg\"><figure class=\"swiper-slide-inner\"><img decoding=\"async\" class=\"swiper-slide-image\" src=\"https:\/\/www.apartmani-marija.hr\/wordpress\/wp-content\/uploads\/2019\/02\/A-dnevna_1-e1549967539279.jpg\" alt=\"A-dnevna_1\" \/><\/figure><\/a><\/div><div class=\"swiper-slide\" role=\"group\" aria-roledescription=\"slide\" aria-label=\"3 of 12\"><a data-elementor-open-lightbox=\"yes\" data-elementor-lightbox-slideshow=\"9c29fe3\" data-elementor-lightbox-title=\"A-dnevna_2\" data-e-action-hash=\"#elementor-action%3Aaction%3Dlightbox%26settings%3DeyJpZCI6NjI3LCJ1cmwiOiJodHRwczpcL1wvd3d3LmFwYXJ0bWFuaS1tYXJpamEuaHJcL3dvcmRwcmVzc1wvd3AtY29udGVudFwvdXBsb2Fkc1wvMjAxOVwvMDJcL0EtZG5ldm5hXzItZTE1NDk5Njc0OTc5NzQuanBnIiwic2xpZGVzaG93IjoiOWMyOWZlMyJ9\" href=\"https:\/\/www.apartmani-marija.hr\/wordpress\/wp-content\/uploads\/2019\/02\/A-dnevna_2-e1549967497974.jpg\"><figure class=\"swiper-slide-inner\"><img decoding=\"async\" class=\"swiper-slide-image\" src=\"https:\/\/www.apartmani-marija.hr\/wordpress\/wp-content\/uploads\/2019\/02\/A-dnevna_2-e1549967497974.jpg\" alt=\"A-dnevna_2\" \/><\/figure><\/a><\/div><div class=\"swiper-slide\" role=\"group\" aria-roledescription=\"slide\" aria-label=\"4 of 12\"><a data-elementor-open-lightbox=\"yes\" data-elementor-lightbox-slideshow=\"9c29fe3\" data-elementor-lightbox-title=\"A-dnevna_3\" data-e-action-hash=\"#elementor-action%3Aaction%3Dlightbox%26settings%3DeyJpZCI6NjI4LCJ1cmwiOiJodHRwczpcL1wvd3d3LmFwYXJ0bWFuaS1tYXJpamEuaHJcL3dvcmRwcmVzc1wvd3AtY29udGVudFwvdXBsb2Fkc1wvMjAxOVwvMDJcL0EtZG5ldm5hXzMuanBnIiwic2xpZGVzaG93IjoiOWMyOWZlMyJ9\" href=\"https:\/\/www.apartmani-marija.hr\/wordpress\/wp-content\/uploads\/2019\/02\/A-dnevna_3.jpg\"><figure class=\"swiper-slide-inner\"><img decoding=\"async\" class=\"swiper-slide-image\" src=\"https:\/\/www.apartmani-marija.hr\/wordpress\/wp-content\/uploads\/2019\/02\/A-dnevna_3.jpg\" alt=\"A-dnevna_3\" \/><\/figure><\/a><\/div><div class=\"swiper-slide\" role=\"group\" aria-roledescription=\"slide\" aria-label=\"5 of 12\"><a data-elementor-open-lightbox=\"yes\" data-elementor-lightbox-slideshow=\"9c29fe3\" data-elementor-lightbox-title=\"A-dnevna_4\" data-e-action-hash=\"#elementor-action%3Aaction%3Dlightbox%26settings%3DeyJpZCI6NjI5LCJ1cmwiOiJodHRwczpcL1wvd3d3LmFwYXJ0bWFuaS1tYXJpamEuaHJcL3dvcmRwcmVzc1wvd3AtY29udGVudFwvdXBsb2Fkc1wvMjAxOVwvMDJcL0EtZG5ldm5hXzQuanBnIiwic2xpZGVzaG93IjoiOWMyOWZlMyJ9\" href=\"https:\/\/www.apartmani-marija.hr\/wordpress\/wp-content\/uploads\/2019\/02\/A-dnevna_4.jpg\"><figure class=\"swiper-slide-inner\"><img decoding=\"async\" class=\"swiper-slide-image\" src=\"https:\/\/www.apartmani-marija.hr\/wordpress\/wp-content\/uploads\/2019\/02\/A-dnevna_4.jpg\" alt=\"A-dnevna_4\" \/><\/figure><\/a><\/div><div class=\"swiper-slide\" role=\"group\" aria-roledescription=\"slide\" aria-label=\"6 of 12\"><a data-elementor-open-lightbox=\"yes\" data-elementor-lightbox-slideshow=\"9c29fe3\" data-elementor-lightbox-title=\"A-kupaona\" data-e-action-hash=\"#elementor-action%3Aaction%3Dlightbox%26settings%3DeyJpZCI6NjMwLCJ1cmwiOiJodHRwczpcL1wvd3d3LmFwYXJ0bWFuaS1tYXJpamEuaHJcL3dvcmRwcmVzc1wvd3AtY29udGVudFwvdXBsb2Fkc1wvMjAxOVwvMDJcL0Eta3VwYW9uYS5qcGciLCJzbGlkZXNob3ciOiI5YzI5ZmUzIn0%3D\" href=\"https:\/\/www.apartmani-marija.hr\/wordpress\/wp-content\/uploads\/2019\/02\/A-kupaona.jpg\"><figure class=\"swiper-slide-inner\"><img decoding=\"async\" class=\"swiper-slide-image\" src=\"https:\/\/www.apartmani-marija.hr\/wordpress\/wp-content\/uploads\/2019\/02\/A-kupaona.jpg\" alt=\"A-kupaona\" \/><\/figure><\/a><\/div><div class=\"swiper-slide\" role=\"group\" aria-roledescription=\"slide\" aria-label=\"7 of 12\"><a data-elementor-open-lightbox=\"yes\" data-elementor-lightbox-slideshow=\"9c29fe3\" data-elementor-lightbox-title=\"A-kupaona_1\" data-e-action-hash=\"#elementor-action%3Aaction%3Dlightbox%26settings%3DeyJpZCI6NjMxLCJ1cmwiOiJodHRwczpcL1wvd3d3LmFwYXJ0bWFuaS1tYXJpamEuaHJcL3dvcmRwcmVzc1wvd3AtY29udGVudFwvdXBsb2Fkc1wvMjAxOVwvMDJcL0Eta3VwYW9uYV8xLmpwZyIsInNsaWRlc2hvdyI6IjljMjlmZTMifQ%3D%3D\" href=\"https:\/\/www.apartmani-marija.hr\/wordpress\/wp-content\/uploads\/2019\/02\/A-kupaona_1.jpg\"><figure class=\"swiper-slide-inner\"><img decoding=\"async\" class=\"swiper-slide-image\" src=\"https:\/\/www.apartmani-marija.hr\/wordpress\/wp-content\/uploads\/2019\/02\/A-kupaona_1.jpg\" alt=\"A-kupaona_1\" \/><\/figure><\/a><\/div><div class=\"swiper-slide\" role=\"group\" aria-roledescription=\"slide\" aria-label=\"8 of 12\"><a data-elementor-open-lightbox=\"yes\" data-elementor-lightbox-slideshow=\"9c29fe3\" data-elementor-lightbox-title=\"OLYMPUS DIGITAL CAMERA\" data-e-action-hash=\"#elementor-action%3Aaction%3Dlightbox%26settings%3DeyJpZCI6NjMyLCJ1cmwiOiJodHRwczpcL1wvd3d3LmFwYXJ0bWFuaS1tYXJpamEuaHJcL3dvcmRwcmVzc1wvd3AtY29udGVudFwvdXBsb2Fkc1wvMjAxOVwvMDJcL0EtcG9nbGVkLWUxNTQ5OTYyNDI4MTYzLmpwZyIsInNsaWRlc2hvdyI6IjljMjlmZTMifQ%3D%3D\" href=\"https:\/\/www.apartmani-marija.hr\/wordpress\/wp-content\/uploads\/2019\/02\/A-pogled-e1549962428163.jpg\"><figure class=\"swiper-slide-inner\"><img decoding=\"async\" class=\"swiper-slide-image\" src=\"https:\/\/www.apartmani-marija.hr\/wordpress\/wp-content\/uploads\/2019\/02\/A-pogled-e1549962428163.jpg\" alt=\"OLYMPUS DIGITAL CAMERA\" \/><\/figure><\/a><\/div><div class=\"swiper-slide\" role=\"group\" aria-roledescription=\"slide\" aria-label=\"9 of 12\"><a data-elementor-open-lightbox=\"yes\" data-elementor-lightbox-slideshow=\"9c29fe3\" data-elementor-lightbox-title=\"A-pogled_1\" data-e-action-hash=\"#elementor-action%3Aaction%3Dlightbox%26settings%3DeyJpZCI6NjMzLCJ1cmwiOiJodHRwczpcL1wvd3d3LmFwYXJ0bWFuaS1tYXJpamEuaHJcL3dvcmRwcmVzc1wvd3AtY29udGVudFwvdXBsb2Fkc1wvMjAxOVwvMDJcL0EtcG9nbGVkXzEtZTE1NDk5NjIzODA5MjAuanBnIiwic2xpZGVzaG93IjoiOWMyOWZlMyJ9\" href=\"https:\/\/www.apartmani-marija.hr\/wordpress\/wp-content\/uploads\/2019\/02\/A-pogled_1-e1549962380920.jpg\"><figure class=\"swiper-slide-inner\"><img decoding=\"async\" class=\"swiper-slide-image\" src=\"https:\/\/www.apartmani-marija.hr\/wordpress\/wp-content\/uploads\/2019\/02\/A-pogled_1-e1549962380920.jpg\" alt=\"A-pogled_1\" \/><\/figure><\/a><\/div><div class=\"swiper-slide\" role=\"group\" aria-roledescription=\"slide\" aria-label=\"10 of 12\"><a data-elementor-open-lightbox=\"yes\" data-elementor-lightbox-slideshow=\"9c29fe3\" data-elementor-lightbox-title=\"A-pogled_2\" data-e-action-hash=\"#elementor-action%3Aaction%3Dlightbox%26settings%3DeyJpZCI6NjM0LCJ1cmwiOiJodHRwczpcL1wvd3d3LmFwYXJ0bWFuaS1tYXJpamEuaHJcL3dvcmRwcmVzc1wvd3AtY29udGVudFwvdXBsb2Fkc1wvMjAxOVwvMDJcL0EtcG9nbGVkXzItZTE1NDk5NjIzMjA3MDQuanBnIiwic2xpZGVzaG93IjoiOWMyOWZlMyJ9\" href=\"https:\/\/www.apartmani-marija.hr\/wordpress\/wp-content\/uploads\/2019\/02\/A-pogled_2-e1549962320704.jpg\"><figure class=\"swiper-slide-inner\"><img decoding=\"async\" class=\"swiper-slide-image\" src=\"https:\/\/www.apartmani-marija.hr\/wordpress\/wp-content\/uploads\/2019\/02\/A-pogled_2-e1549962320704.jpg\" alt=\"A-pogled_2\" \/><\/figure><\/a><\/div><div class=\"swiper-slide\" role=\"group\" aria-roledescription=\"slide\" aria-label=\"11 of 12\"><a data-elementor-open-lightbox=\"yes\" data-elementor-lightbox-slideshow=\"9c29fe3\" data-elementor-lightbox-title=\"A-soba\" data-e-action-hash=\"#elementor-action%3Aaction%3Dlightbox%26settings%3DeyJpZCI6NjM1LCJ1cmwiOiJodHRwczpcL1wvd3d3LmFwYXJ0bWFuaS1tYXJpamEuaHJcL3dvcmRwcmVzc1wvd3AtY29udGVudFwvdXBsb2Fkc1wvMjAxOVwvMDJcL0Etc29iYS1lMTU0OTk2MjI1MjI0NS5qcGciLCJzbGlkZXNob3ciOiI5YzI5ZmUzIn0%3D\" href=\"https:\/\/www.apartmani-marija.hr\/wordpress\/wp-content\/uploads\/2019\/02\/A-soba-e1549962252245.jpg\"><figure class=\"swiper-slide-inner\"><img decoding=\"async\" class=\"swiper-slide-image\" src=\"https:\/\/www.apartmani-marija.hr\/wordpress\/wp-content\/uploads\/2019\/02\/A-soba-e1549962252245.jpg\" alt=\"A-soba\" \/><\/figure><\/a><\/div><div class=\"swiper-slide\" role=\"group\" aria-roledescription=\"slide\" aria-label=\"12 of 12\"><a data-elementor-open-lightbox=\"yes\" data-elementor-lightbox-slideshow=\"9c29fe3\" data-elementor-lightbox-title=\"A-soba_1\" data-e-action-hash=\"#elementor-action%3Aaction%3Dlightbox%26settings%3DeyJpZCI6NjM2LCJ1cmwiOiJodHRwczpcL1wvd3d3LmFwYXJ0bWFuaS1tYXJpamEuaHJcL3dvcmRwcmVzc1wvd3AtY29udGVudFwvdXBsb2Fkc1wvMjAxOVwvMDJcL0Etc29iYV8xLWUxNTQ5OTYyMTg3NjIzLmpwZyIsInNsaWRlc2hvdyI6IjljMjlmZTMifQ%3D%3D\" href=\"https:\/\/www.apartmani-marija.hr\/wordpress\/wp-content\/uploads\/2019\/02\/A-soba_1-e1549962187623.jpg\"><figure class=\"swiper-slide-inner\"><img decoding=\"async\" class=\"swiper-slide-image\" src=\"https:\/\/www.apartmani-marija.hr\/wordpress\/wp-content\/uploads\/2019\/02\/A-soba_1-e1549962187623.jpg\" alt=\"A-soba_1\" \/><\/figure><\/a><\/div>\t\t\t<\/div>\n\t\t\t\t\t\t\t\t\t\t\t\t<div class=\"elementor-swiper-button elementor-swiper-button-prev\" role=\"button\" tabindex=\"0\">\n\t\t\t\t\t\t<i aria-hidden=\"true\" class=\"eicon-chevron-left\"><\/i>\t\t\t\t\t<\/div>\n\t\t\t\t\t<div class=\"elementor-swiper-button elementor-swiper-button-next\" role=\"button\" tabindex=\"0\">\n\t\t\t\t\t\t<i aria-hidden=\"true\" class=\"eicon-chevron-right\"><\/i>\t\t\t\t\t<\/div>\n\t\t\t\t\n\t\t\t\t\t\t\t\t\t<\/div>\n\t\t\t\t<\/div>\n\t\t\t\t<\/div>\n\t\t\t\t\t<\/div>\n\t\t<\/div>\n\t\t\t\t<div class=\"elementor-column elementor-col-50 elementor-top-column elementor-element elementor-element-b30ae1b\" data-id=\"b30ae1b\" data-element_type=\"column\">\n\t\t\t<div class=\"elementor-widget-wrap elementor-element-populated\">\n\t\t\t\t\t\t\t\t<div class=\"elementor-element elementor-element-125d1e7 elementor-widget elementor-widget-text-editor\" data-id=\"125d1e7\" data-element_type=\"widget\" data-widget_type=\"text-editor.default\">\n\t\t\t\t<div class=\"elementor-widget-container\">\n\t\t\t\t\t\t\t<p>Zapo\u010dnite svoj odmor s na\u0161im stanom samo 70 m od pla\u017ee i u\u017eivajte u prekrasnom zalazak sunca na terasi.&nbsp; Apartman 7 nalazi se na drugom katu u vrlo mirnoj \u010detvrti i prostran je 57 m \u00b2.&nbsp; Apartman ima jednu spava\u0107u sobu, dnevni boravak s kuhinjom i blagovaonicom, kupaonicu, velike terase s pogledom na more. Kuhinja je potpuno opremljena.&nbsp; Na raspolaganju su posteljina i ru\u010dnici. Apartman ima klima ure\u0111aj i ima vlastito parkirno mjesto.&nbsp;<span style=\"font-family: &quot;Work Sans&quot;, sans-serif; font-size: 16px; font-style: normal; font-variant-ligatures: normal; font-variant-caps: normal; font-weight: 400; color: var( --e-global-color-text );\">Kako bismo osigurali ugodan boravak za sve na\u0161e goste, na\u017ealost, ne mo\u017eemo primiti ku\u0107ne ljubimce.<\/span><\/p>\t\t\t\t\t\t<\/div>\n\t\t\t\t<\/div>\n\t\t\t\t\t<\/div>\n\t\t<\/div>\n\t\t\t\t\t\t\t<\/div>\n\t\t<\/section>\n\t\t\t\t<section class=\"elementor-section elementor-top-section elementor-element elementor-element-0398824 elementor-section-boxed elementor-section-height-default elementor-section-height-default\" data-id=\"0398824\" data-element_type=\"section\">\n\t\t\t\t\t\t<div class=\"elementor-container elementor-column-gap-default\">\n\t\t\t\t\t<div class=\"elementor-column elementor-col-50 elementor-top-column elementor-element elementor-element-db148fd\" data-id=\"db148fd\" data-element_type=\"column\">\n\t\t\t<div class=\"elementor-widget-wrap elementor-element-populated\">\n\t\t\t\t\t\t\t\t<div class=\"elementor-element elementor-element-3ec791c elementor-widget elementor-widget-text-editor\" data-id=\"3ec791c\" data-element_type=\"widget\" data-widget_type=\"text-editor.default\">\n\t\t\t\t<div class=\"elementor-widget-container\">\n\t\t\t\t\t\t\t<p><strong>OPIS APARTMANA<\/strong><\/p><ul><li>2. kat<\/li><li>1-jednosobni apartman za 2-4 osoba<\/li><li>jedna spava\u0107a soba s bra\u010dnim krevetom<\/li><li>dnevni boravak s 2 le\u017eaja<\/li><li>opremljena kuhinja<\/li><li>kupaonica s tu\u0161em<\/li><li>Klima<\/li><li>Mikrovalna<\/li><li>aparat za kavu<\/li><li>hladnjak s ledenim odjeljkom<\/li><li>digitalni SAT TV\u00a0<\/li><li>terasa sa suncem slijepom i izravnim pogledom na more<\/li><li>ru\u010dnici i posteljina (svakih 7 dana \u010diste)<\/li><li>\u00a0<\/li><\/ul>\t\t\t\t\t\t<\/div>\n\t\t\t\t<\/div>\n\t\t\t\t\t<\/div>\n\t\t<\/div>\n\t\t\t\t<div class=\"elementor-column elementor-col-50 elementor-top-column elementor-element elementor-element-5ce7c37\" data-id=\"5ce7c37\" data-element_type=\"column\">\n\t\t\t<div class=\"elementor-widget-wrap elementor-element-populated\">\n\t\t\t\t\t\t\t\t<div class=\"elementor-element elementor-element-60f6ea0 elementor-widget elementor-widget-image\" data-id=\"60f6ea0\" data-element_type=\"widget\" data-widget_type=\"image.default\">\n\t\t\t\t<div class=\"elementor-widget-container\">\n\t\t\t\t\t\t\t\t\t\t\t\t\t\t\t<img decoding=\"async\" src=\"https:\/\/www.apartmani-marija.hr\/wordpress\/wp-content\/uploads\/2019\/02\/tlocrt-appA.jpg\" title=\"tlocrt appA\" alt=\"tlocrt appA\" loading=\"lazy\" \/>\t\t\t\t\t\t\t\t\t\t\t\t\t\t\t<\/div>\n\t\t\t\t<\/div>\n\t\t\t\t\t<\/div>\n\t\t<\/div>\n\t\t\t\t\t\t\t<\/div>\n\t\t<\/section>\n\t\t\t\t\t\t\t<\/div>\n\t\t","protected":false},"excerpt":{"rendered":"<p>APARTMENT 7 Zapo\u010dnite svoj odmor s na\u0161im stanom samo 70 m od pla\u017ee i u\u017eivajte u prekrasnom zalazak sunca na terasi.&nbsp; Apartman 7 nalazi se na drugom katu u vrlo mirnoj \u010detvrti i prostran je 57 m \u00b2.&nbsp; Apartman ima jednu spava\u0107u sobu, dnevni boravak s kuhinjom i blagovaonicom, kupaonicu, velike terase s pogledom na [&hellip;]<\/p>\n","protected":false},"author":1,"featured_media":0,"parent":0,"menu_order":0,"comment_status":"closed","ping_status":"closed","template":"","meta":{"om_disable_all_campaigns":false,"_monsterinsights_skip_tracking":false,"_monsterinsights_sitenote_active":false,"_monsterinsights_sitenote_note":"","_monsterinsights_sitenote_category":0,"footnotes":""},"class_list":["post-1186","page","type-page","status-publish","hentry","entry"],"aioseo_notices":[],"_links":{"self":[{"href":"https:\/\/www.apartmani-marija.hr\/wordpress\/wp-json\/wp\/v2\/pages\/1186","targetHints":{"allow":["GET"]}}],"collection":[{"href":"https:\/\/www.apartmani-marija.hr\/wordpress\/wp-json\/wp\/v2\/pages"}],"about":[{"href":"https:\/\/www.apartmani-marija.hr\/wordpress\/wp-json\/wp\/v2\/types\/page"}],"author":[{"embeddable":true,"href":"https:\/\/www.apartmani-marija.hr\/wordpress\/wp-json\/wp\/v2\/users\/1"}],"replies":[{"embeddable":true,"href":"https:\/\/www.apartmani-marija.hr\/wordpress\/wp-json\/wp\/v2\/comments?post=1186"}],"version-history":[{"count":3,"href":"https:\/\/www.apartmani-marija.hr\/wordpress\/wp-json\/wp\/v2\/pages\/1186\/revisions"}],"predecessor-version":[{"id":1897,"href":"https:\/\/www.apartmani-marija.hr\/wordpress\/wp-json\/wp\/v2\/pages\/1186\/revisions\/1897"}],"wp:attachment":[{"href":"https:\/\/www.apartmani-marija.hr\/wordpress\/wp-json\/wp\/v2\/media?parent=1186"}],"curies":[{"name":"wp","href":"https:\/\/api.w.org\/{rel}","templated":true}]}}