{"id":1174,"date":"2019-02-13T17:36:58","date_gmt":"2019-02-13T16:36:58","guid":{"rendered":"http:\/\/www.apartmani-marija.hr\/wordpress\/?page_id=831"},"modified":"2024-07-06T19:29:57","modified_gmt":"2024-07-06T18:29:57","slug":"app-5-2","status":"publish","type":"page","link":"https:\/\/www.apartmani-marija.hr\/wordpress\/de\/app-5-2\/","title":{"rendered":"APP 5"},"content":{"rendered":"\t\t<div data-elementor-type=\"wp-post\" data-elementor-id=\"1174\" class=\"elementor elementor-1174\">\n\t\t\t\t\t\t\t\t\t<section class=\"elementor-section elementor-top-section elementor-element elementor-element-b9ca681 elementor-section-boxed elementor-section-height-default elementor-section-height-default\" data-id=\"b9ca681\" data-element_type=\"section\">\n\t\t\t\t\t\t<div class=\"elementor-container elementor-column-gap-default\">\n\t\t\t\t\t<div class=\"elementor-column elementor-col-100 elementor-top-column elementor-element elementor-element-2eb7464\" data-id=\"2eb7464\" data-element_type=\"column\">\n\t\t\t<div class=\"elementor-widget-wrap elementor-element-populated\">\n\t\t\t\t\t\t\t\t<div class=\"elementor-element elementor-element-1746fb0 elementor-widget elementor-widget-heading\" data-id=\"1746fb0\" data-element_type=\"widget\" data-widget_type=\"heading.default\">\n\t\t\t\t<div class=\"elementor-widget-container\">\n\t\t\t<h1 class=\"elementor-heading-title elementor-size-default\">APARTMENT 5<\/h1>\t\t<\/div>\n\t\t\t\t<\/div>\n\t\t\t\t<div class=\"elementor-element elementor-element-840b297 animated-slow elementor-widget-divider--view-line elementor-invisible elementor-widget elementor-widget-divider\" data-id=\"840b297\" data-element_type=\"widget\" data-settings=\"{&quot;_animation&quot;:&quot;zoomIn&quot;}\" data-widget_type=\"divider.default\">\n\t\t\t\t<div class=\"elementor-widget-container\">\n\t\t\t\t\t<div class=\"elementor-divider\">\n\t\t\t<span class=\"elementor-divider-separator\">\n\t\t\t\t\t\t<\/span>\n\t\t<\/div>\n\t\t\t\t<\/div>\n\t\t\t\t<\/div>\n\t\t\t\t<div class=\"elementor-element elementor-element-668c57e elementor-widget elementor-widget-shortcode\" data-id=\"668c57e\" data-element_type=\"widget\" data-widget_type=\"shortcode.default\">\n\t\t\t\t<div class=\"elementor-widget-container\">\n\t\t\t\t\t<div class=\"elementor-shortcode\"><\/div>\n\t\t\t\t<\/div>\n\t\t\t\t<\/div>\n\t\t\t\t\t<\/div>\n\t\t<\/div>\n\t\t\t\t\t\t\t<\/div>\n\t\t<\/section>\n\t\t\t\t<section class=\"elementor-section elementor-top-section elementor-element elementor-element-bf17be0 elementor-section-full_width elementor-section-height-default elementor-section-height-default\" data-id=\"bf17be0\" data-element_type=\"section\">\n\t\t\t\t\t\t<div class=\"elementor-container elementor-column-gap-default\">\n\t\t\t\t\t<div class=\"elementor-column elementor-col-50 elementor-top-column elementor-element elementor-element-d54f4a1\" data-id=\"d54f4a1\" data-element_type=\"column\">\n\t\t\t<div class=\"elementor-widget-wrap elementor-element-populated\">\n\t\t\t\t\t\t\t\t<div class=\"elementor-element elementor-element-3fbb58a elementor-arrows-position-inside elementor-widget elementor-widget-image-carousel\" data-id=\"3fbb58a\" data-element_type=\"widget\" data-settings=\"{&quot;slides_to_show&quot;:&quot;1&quot;,&quot;navigation&quot;:&quot;arrows&quot;,&quot;autoplay_speed&quot;:2000,&quot;effect&quot;:&quot;fade&quot;,&quot;speed&quot;:400,&quot;autoplay&quot;:&quot;yes&quot;,&quot;pause_on_hover&quot;:&quot;yes&quot;,&quot;pause_on_interaction&quot;:&quot;yes&quot;,&quot;infinite&quot;:&quot;yes&quot;}\" data-widget_type=\"image-carousel.default\">\n\t\t\t\t<div class=\"elementor-widget-container\">\n\t\t\t\t\t<div class=\"elementor-image-carousel-wrapper swiper-container\" dir=\"ltr\">\n\t\t\t<div class=\"elementor-image-carousel swiper-wrapper\" aria-live=\"off\">\n\t\t\t\t\t\t\t\t<div class=\"swiper-slide\" role=\"group\" aria-roledescription=\"slide\" aria-label=\"1 of 10\"><a data-elementor-open-lightbox=\"yes\" data-elementor-lightbox-slideshow=\"3fbb58a\" data-elementor-lightbox-title=\"5-dnevna\" data-e-action-hash=\"#elementor-action%3Aaction%3Dlightbox%26settings%3DeyJpZCI6ODA5LCJ1cmwiOiJodHRwczpcL1wvd3d3LmFwYXJ0bWFuaS1tYXJpamEuaHJcL3dvcmRwcmVzc1wvd3AtY29udGVudFwvdXBsb2Fkc1wvMjAxOVwvMDJcLzUtZG5ldm5hLmpwZyIsInNsaWRlc2hvdyI6IjNmYmI1OGEifQ%3D%3D\" href=\"https:\/\/www.apartmani-marija.hr\/wordpress\/wp-content\/uploads\/2019\/02\/5-dnevna.jpg\"><figure class=\"swiper-slide-inner\"><img decoding=\"async\" class=\"swiper-slide-image\" src=\"https:\/\/www.apartmani-marija.hr\/wordpress\/wp-content\/uploads\/2019\/02\/5-dnevna.jpg\" alt=\"5-dnevna\" \/><\/figure><\/a><\/div><div class=\"swiper-slide\" role=\"group\" aria-roledescription=\"slide\" aria-label=\"2 of 10\"><a data-elementor-open-lightbox=\"yes\" data-elementor-lightbox-slideshow=\"3fbb58a\" data-elementor-lightbox-title=\"5-pogled\" data-e-action-hash=\"#elementor-action%3Aaction%3Dlightbox%26settings%3DeyJpZCI6ODE2LCJ1cmwiOiJodHRwczpcL1wvd3d3LmFwYXJ0bWFuaS1tYXJpamEuaHJcL3dvcmRwcmVzc1wvd3AtY29udGVudFwvdXBsb2Fkc1wvMjAxOVwvMDJcLzUtcG9nbGVkLmpwZyIsInNsaWRlc2hvdyI6IjNmYmI1OGEifQ%3D%3D\" href=\"https:\/\/www.apartmani-marija.hr\/wordpress\/wp-content\/uploads\/2019\/02\/5-pogled.jpg\"><figure class=\"swiper-slide-inner\"><img decoding=\"async\" class=\"swiper-slide-image\" src=\"https:\/\/www.apartmani-marija.hr\/wordpress\/wp-content\/uploads\/2019\/02\/5-pogled.jpg\" alt=\"5-pogled\" \/><\/figure><\/a><\/div><div class=\"swiper-slide\" role=\"group\" aria-roledescription=\"slide\" aria-label=\"3 of 10\"><a data-elementor-open-lightbox=\"yes\" data-elementor-lightbox-slideshow=\"3fbb58a\" data-elementor-lightbox-title=\"5-dnevna_1\" data-e-action-hash=\"#elementor-action%3Aaction%3Dlightbox%26settings%3DeyJpZCI6ODEwLCJ1cmwiOiJodHRwczpcL1wvd3d3LmFwYXJ0bWFuaS1tYXJpamEuaHJcL3dvcmRwcmVzc1wvd3AtY29udGVudFwvdXBsb2Fkc1wvMjAxOVwvMDJcLzUtZG5ldm5hXzEuanBnIiwic2xpZGVzaG93IjoiM2ZiYjU4YSJ9\" href=\"https:\/\/www.apartmani-marija.hr\/wordpress\/wp-content\/uploads\/2019\/02\/5-dnevna_1.jpg\"><figure class=\"swiper-slide-inner\"><img decoding=\"async\" class=\"swiper-slide-image\" src=\"https:\/\/www.apartmani-marija.hr\/wordpress\/wp-content\/uploads\/2019\/02\/5-dnevna_1.jpg\" alt=\"5-dnevna_1\" \/><\/figure><\/a><\/div><div class=\"swiper-slide\" role=\"group\" aria-roledescription=\"slide\" aria-label=\"4 of 10\"><a data-elementor-open-lightbox=\"yes\" data-elementor-lightbox-slideshow=\"3fbb58a\" data-elementor-lightbox-title=\"5-dnevna_2\" data-e-action-hash=\"#elementor-action%3Aaction%3Dlightbox%26settings%3DeyJpZCI6ODExLCJ1cmwiOiJodHRwczpcL1wvd3d3LmFwYXJ0bWFuaS1tYXJpamEuaHJcL3dvcmRwcmVzc1wvd3AtY29udGVudFwvdXBsb2Fkc1wvMjAxOVwvMDJcLzUtZG5ldm5hXzIuanBnIiwic2xpZGVzaG93IjoiM2ZiYjU4YSJ9\" href=\"https:\/\/www.apartmani-marija.hr\/wordpress\/wp-content\/uploads\/2019\/02\/5-dnevna_2.jpg\"><figure class=\"swiper-slide-inner\"><img decoding=\"async\" class=\"swiper-slide-image\" src=\"https:\/\/www.apartmani-marija.hr\/wordpress\/wp-content\/uploads\/2019\/02\/5-dnevna_2.jpg\" alt=\"5-dnevna_2\" \/><\/figure><\/a><\/div><div class=\"swiper-slide\" role=\"group\" aria-roledescription=\"slide\" aria-label=\"5 of 10\"><a data-elementor-open-lightbox=\"yes\" data-elementor-lightbox-slideshow=\"3fbb58a\" data-elementor-lightbox-title=\"5-kuhinja\" data-e-action-hash=\"#elementor-action%3Aaction%3Dlightbox%26settings%3DeyJpZCI6ODEyLCJ1cmwiOiJodHRwczpcL1wvd3d3LmFwYXJ0bWFuaS1tYXJpamEuaHJcL3dvcmRwcmVzc1wvd3AtY29udGVudFwvdXBsb2Fkc1wvMjAxOVwvMDJcLzUta3VoaW5qYS5qcGciLCJzbGlkZXNob3ciOiIzZmJiNThhIn0%3D\" href=\"https:\/\/www.apartmani-marija.hr\/wordpress\/wp-content\/uploads\/2019\/02\/5-kuhinja.jpg\"><figure class=\"swiper-slide-inner\"><img decoding=\"async\" class=\"swiper-slide-image\" src=\"https:\/\/www.apartmani-marija.hr\/wordpress\/wp-content\/uploads\/2019\/02\/5-kuhinja.jpg\" alt=\"5-kuhinja\" \/><\/figure><\/a><\/div><div class=\"swiper-slide\" role=\"group\" aria-roledescription=\"slide\" aria-label=\"6 of 10\"><a data-elementor-open-lightbox=\"yes\" data-elementor-lightbox-slideshow=\"3fbb58a\" data-elementor-lightbox-title=\"5-kuhinja_1\" data-e-action-hash=\"#elementor-action%3Aaction%3Dlightbox%26settings%3DeyJpZCI6ODEzLCJ1cmwiOiJodHRwczpcL1wvd3d3LmFwYXJ0bWFuaS1tYXJpamEuaHJcL3dvcmRwcmVzc1wvd3AtY29udGVudFwvdXBsb2Fkc1wvMjAxOVwvMDJcLzUta3VoaW5qYV8xLmpwZyIsInNsaWRlc2hvdyI6IjNmYmI1OGEifQ%3D%3D\" href=\"https:\/\/www.apartmani-marija.hr\/wordpress\/wp-content\/uploads\/2019\/02\/5-kuhinja_1.jpg\"><figure class=\"swiper-slide-inner\"><img decoding=\"async\" class=\"swiper-slide-image\" src=\"https:\/\/www.apartmani-marija.hr\/wordpress\/wp-content\/uploads\/2019\/02\/5-kuhinja_1.jpg\" alt=\"5-kuhinja_1\" \/><\/figure><\/a><\/div><div class=\"swiper-slide\" role=\"group\" aria-roledescription=\"slide\" aria-label=\"7 of 10\"><a data-elementor-open-lightbox=\"yes\" data-elementor-lightbox-slideshow=\"3fbb58a\" data-elementor-lightbox-title=\"5-kupaona\" data-e-action-hash=\"#elementor-action%3Aaction%3Dlightbox%26settings%3DeyJpZCI6ODE0LCJ1cmwiOiJodHRwczpcL1wvd3d3LmFwYXJ0bWFuaS1tYXJpamEuaHJcL3dvcmRwcmVzc1wvd3AtY29udGVudFwvdXBsb2Fkc1wvMjAxOVwvMDJcLzUta3VwYW9uYS5qcGciLCJzbGlkZXNob3ciOiIzZmJiNThhIn0%3D\" href=\"https:\/\/www.apartmani-marija.hr\/wordpress\/wp-content\/uploads\/2019\/02\/5-kupaona.jpg\"><figure class=\"swiper-slide-inner\"><img decoding=\"async\" class=\"swiper-slide-image\" src=\"https:\/\/www.apartmani-marija.hr\/wordpress\/wp-content\/uploads\/2019\/02\/5-kupaona.jpg\" alt=\"5-kupaona\" \/><\/figure><\/a><\/div><div class=\"swiper-slide\" role=\"group\" aria-roledescription=\"slide\" aria-label=\"8 of 10\"><a data-elementor-open-lightbox=\"yes\" data-elementor-lightbox-slideshow=\"3fbb58a\" data-elementor-lightbox-title=\"5-kupaona_1\" data-e-action-hash=\"#elementor-action%3Aaction%3Dlightbox%26settings%3DeyJpZCI6ODE1LCJ1cmwiOiJodHRwczpcL1wvd3d3LmFwYXJ0bWFuaS1tYXJpamEuaHJcL3dvcmRwcmVzc1wvd3AtY29udGVudFwvdXBsb2Fkc1wvMjAxOVwvMDJcLzUta3VwYW9uYV8xLmpwZyIsInNsaWRlc2hvdyI6IjNmYmI1OGEifQ%3D%3D\" href=\"https:\/\/www.apartmani-marija.hr\/wordpress\/wp-content\/uploads\/2019\/02\/5-kupaona_1.jpg\"><figure class=\"swiper-slide-inner\"><img decoding=\"async\" class=\"swiper-slide-image\" src=\"https:\/\/www.apartmani-marija.hr\/wordpress\/wp-content\/uploads\/2019\/02\/5-kupaona_1.jpg\" alt=\"5-kupaona_1\" \/><\/figure><\/a><\/div><div class=\"swiper-slide\" role=\"group\" aria-roledescription=\"slide\" aria-label=\"9 of 10\"><a data-elementor-open-lightbox=\"yes\" data-elementor-lightbox-slideshow=\"3fbb58a\" data-elementor-lightbox-title=\"5-soba\" data-e-action-hash=\"#elementor-action%3Aaction%3Dlightbox%26settings%3DeyJpZCI6ODE3LCJ1cmwiOiJodHRwczpcL1wvd3d3LmFwYXJ0bWFuaS1tYXJpamEuaHJcL3dvcmRwcmVzc1wvd3AtY29udGVudFwvdXBsb2Fkc1wvMjAxOVwvMDJcLzUtc29iYS1lMTU1MDA3NDk4NTI4Ni5qcGciLCJzbGlkZXNob3ciOiIzZmJiNThhIn0%3D\" href=\"https:\/\/www.apartmani-marija.hr\/wordpress\/wp-content\/uploads\/2019\/02\/5-soba-e1550074985286.jpg\"><figure class=\"swiper-slide-inner\"><img decoding=\"async\" class=\"swiper-slide-image\" src=\"https:\/\/www.apartmani-marija.hr\/wordpress\/wp-content\/uploads\/2019\/02\/5-soba-e1550074985286.jpg\" alt=\"5-soba\" \/><\/figure><\/a><\/div><div class=\"swiper-slide\" role=\"group\" aria-roledescription=\"slide\" aria-label=\"10 of 10\"><a data-elementor-open-lightbox=\"yes\" data-elementor-lightbox-slideshow=\"3fbb58a\" data-elementor-lightbox-title=\"5-soba_1\" data-e-action-hash=\"#elementor-action%3Aaction%3Dlightbox%26settings%3DeyJpZCI6ODE4LCJ1cmwiOiJodHRwczpcL1wvd3d3LmFwYXJ0bWFuaS1tYXJpamEuaHJcL3dvcmRwcmVzc1wvd3AtY29udGVudFwvdXBsb2Fkc1wvMjAxOVwvMDJcLzUtc29iYV8xLWUxNTUwMDc0OTQ2NzAxLmpwZyIsInNsaWRlc2hvdyI6IjNmYmI1OGEifQ%3D%3D\" href=\"https:\/\/www.apartmani-marija.hr\/wordpress\/wp-content\/uploads\/2019\/02\/5-soba_1-e1550074946701.jpg\"><figure class=\"swiper-slide-inner\"><img decoding=\"async\" class=\"swiper-slide-image\" src=\"https:\/\/www.apartmani-marija.hr\/wordpress\/wp-content\/uploads\/2019\/02\/5-soba_1-e1550074946701.jpg\" alt=\"5-soba_1\" \/><\/figure><\/a><\/div>\t\t\t<\/div>\n\t\t\t\t\t\t\t\t\t\t\t\t<div class=\"elementor-swiper-button elementor-swiper-button-prev\" role=\"button\" tabindex=\"0\">\n\t\t\t\t\t\t<i aria-hidden=\"true\" class=\"eicon-chevron-left\"><\/i>\t\t\t\t\t<\/div>\n\t\t\t\t\t<div class=\"elementor-swiper-button elementor-swiper-button-next\" role=\"button\" tabindex=\"0\">\n\t\t\t\t\t\t<i aria-hidden=\"true\" class=\"eicon-chevron-right\"><\/i>\t\t\t\t\t<\/div>\n\t\t\t\t\n\t\t\t\t\t\t\t\t\t<\/div>\n\t\t\t\t<\/div>\n\t\t\t\t<\/div>\n\t\t\t\t\t<\/div>\n\t\t<\/div>\n\t\t\t\t<div class=\"elementor-column elementor-col-50 elementor-top-column elementor-element elementor-element-35f579b\" data-id=\"35f579b\" data-element_type=\"column\">\n\t\t\t<div class=\"elementor-widget-wrap elementor-element-populated\">\n\t\t\t\t\t\t\t\t<div class=\"elementor-element elementor-element-95c0433 elementor-widget elementor-widget-text-editor\" data-id=\"95c0433\" data-element_type=\"widget\" data-widget_type=\"text-editor.default\">\n\t\t\t\t<div class=\"elementor-widget-container\">\n\t\t\t\t\t\t\t<p>Beginnen Sie Ihren Urlaub mit unserer Wohnung nur 70 m vom Strand entfernt und genie\u00dfen Sie bei sch\u00f6nem Sonnenuntergang auf der Terrasse.&nbsp; Die Wohnung 5 befindet sich im ersten Stock in einer sehr ruhigen Gegend und ist eine ger\u00e4umige 60 m \u00b2.&nbsp; Die Wohnung hat ein Schlafzimmer, Wohnzimmer mit K\u00fcche und Esszimmer, Bad, zwei Terrassen mit Meerblick. Die K\u00fcche ist komplett ausgestattet.&nbsp; Die Bettw\u00e4sche und Handt\u00fccher sind vorhanden. Die Wohnung verf\u00fcgt \u00fcber eine Klimaanlage und einen eigenen Parkplatz.&nbsp;Um allen unseren G\u00e4sten einen angenehmen Aufenthalt zu erm\u00f6glichen, k\u00f6nnen wir leider keine Haustiere akzeptieren.<\/p>\t\t\t\t\t\t<\/div>\n\t\t\t\t<\/div>\n\t\t\t\t\t<\/div>\n\t\t<\/div>\n\t\t\t\t\t\t\t<\/div>\n\t\t<\/section>\n\t\t\t\t<section class=\"elementor-section elementor-top-section elementor-element elementor-element-3bf20e0 elementor-section-boxed elementor-section-height-default elementor-section-height-default\" data-id=\"3bf20e0\" data-element_type=\"section\">\n\t\t\t\t\t\t<div class=\"elementor-container elementor-column-gap-default\">\n\t\t\t\t\t<div class=\"elementor-column elementor-col-50 elementor-top-column elementor-element elementor-element-a44e206\" data-id=\"a44e206\" data-element_type=\"column\">\n\t\t\t<div class=\"elementor-widget-wrap elementor-element-populated\">\n\t\t\t\t\t\t\t\t<div class=\"elementor-element elementor-element-e4f474f elementor-widget elementor-widget-text-editor\" data-id=\"e4f474f\" data-element_type=\"widget\" data-widget_type=\"text-editor.default\">\n\t\t\t\t<div class=\"elementor-widget-container\">\n\t\t\t\t\t\t\t<p><strong>APARTMENT DESCRIPTION<\/strong><\/p><ul><li>1. OG<\/li><li>1-Zimmer-Wohnung f\u00fcr 2-4 Personen<\/li><li>Ein Schlafzimmer mit Ehebett<\/li><li>Wohnzimmer mit 2 Betten<\/li><li>Gleichgerechter K\u00fcche<\/li><li>Badezimmer mit Dusche<\/li><li>Klimaanlage<\/li><li>Mikrowelle<\/li><li>Kaffeemaschine<\/li><li>K\u00fchlschrank mit Eisraum<\/li><li>Digitales SAT-TV\u00a0<\/li><li>Terrasse mit Sonnenblenden und direktem Blick aufs Meer<\/li><li>Terrasse von APP. 5 und APP. 6 kann auf einer gro\u00dfen Terrasse verbunden werden<\/li><li>Kleinere Terrasse aus dem Schlafzimmer mit Meerblick<\/li><li>Handt\u00fccher und Bettw\u00e4sche (alle 7 Tage sauber)<\/li><li>\u00a0<\/li><\/ul>\t\t\t\t\t\t<\/div>\n\t\t\t\t<\/div>\n\t\t\t\t\t<\/div>\n\t\t<\/div>\n\t\t\t\t<div class=\"elementor-column elementor-col-50 elementor-top-column elementor-element elementor-element-bfd7c3f\" data-id=\"bfd7c3f\" data-element_type=\"column\">\n\t\t\t<div class=\"elementor-widget-wrap elementor-element-populated\">\n\t\t\t\t\t\t\t\t<div class=\"elementor-element elementor-element-c7c86d3 elementor-widget elementor-widget-image\" data-id=\"c7c86d3\" data-element_type=\"widget\" data-widget_type=\"image.default\">\n\t\t\t\t<div class=\"elementor-widget-container\">\n\t\t\t\t\t\t\t\t\t\t\t\t\t\t\t<img decoding=\"async\" src=\"https:\/\/www.apartmani-marija.hr\/wordpress\/wp-content\/uploads\/2019\/02\/tlocrt-appB.jpg\" title=\"tlocrt appB\" alt=\"tlocrt appB\" loading=\"lazy\" \/>\t\t\t\t\t\t\t\t\t\t\t\t\t\t\t<\/div>\n\t\t\t\t<\/div>\n\t\t\t\t\t<\/div>\n\t\t<\/div>\n\t\t\t\t\t\t\t<\/div>\n\t\t<\/section>\n\t\t\t\t\t\t\t<\/div>\n\t\t","protected":false},"excerpt":{"rendered":"<p>APARTMENT 5 Beginnen Sie Ihren Urlaub mit unserer Wohnung nur 70 m vom Strand entfernt und genie\u00dfen Sie bei sch\u00f6nem Sonnenuntergang auf der Terrasse.&nbsp; Die Wohnung 5 befindet sich im ersten Stock in einer sehr ruhigen Gegend und ist eine ger\u00e4umige 60 m \u00b2.&nbsp; Die Wohnung hat ein Schlafzimmer, Wohnzimmer mit K\u00fcche und Esszimmer, Bad, [&hellip;]<\/p>\n","protected":false},"author":1,"featured_media":0,"parent":0,"menu_order":0,"comment_status":"closed","ping_status":"closed","template":"","meta":{"om_disable_all_campaigns":false,"_monsterinsights_skip_tracking":false,"_monsterinsights_sitenote_active":false,"_monsterinsights_sitenote_note":"","_monsterinsights_sitenote_category":0,"footnotes":""},"class_list":["post-1174","page","type-page","status-publish","hentry","entry"],"aioseo_notices":[],"_links":{"self":[{"href":"https:\/\/www.apartmani-marija.hr\/wordpress\/wp-json\/wp\/v2\/pages\/1174","targetHints":{"allow":["GET"]}}],"collection":[{"href":"https:\/\/www.apartmani-marija.hr\/wordpress\/wp-json\/wp\/v2\/pages"}],"about":[{"href":"https:\/\/www.apartmani-marija.hr\/wordpress\/wp-json\/wp\/v2\/types\/page"}],"author":[{"embeddable":true,"href":"https:\/\/www.apartmani-marija.hr\/wordpress\/wp-json\/wp\/v2\/users\/1"}],"replies":[{"embeddable":true,"href":"https:\/\/www.apartmani-marija.hr\/wordpress\/wp-json\/wp\/v2\/comments?post=1174"}],"version-history":[{"count":3,"href":"https:\/\/www.apartmani-marija.hr\/wordpress\/wp-json\/wp\/v2\/pages\/1174\/revisions"}],"predecessor-version":[{"id":1906,"href":"https:\/\/www.apartmani-marija.hr\/wordpress\/wp-json\/wp\/v2\/pages\/1174\/revisions\/1906"}],"wp:attachment":[{"href":"https:\/\/www.apartmani-marija.hr\/wordpress\/wp-json\/wp\/v2\/media?parent=1174"}],"curies":[{"name":"wp","href":"https:\/\/api.w.org\/{rel}","templated":true}]}}