{"id":1171,"date":"2019-02-13T17:36:58","date_gmt":"2019-02-13T16:36:58","guid":{"rendered":"http:\/\/www.apartmani-marija.hr\/wordpress\/?page_id=831"},"modified":"2024-07-06T19:27:00","modified_gmt":"2024-07-06T18:27:00","slug":"aplikacija-5","status":"publish","type":"page","link":"https:\/\/www.apartmani-marija.hr\/wordpress\/hr\/aplikacija-5\/","title":{"rendered":"APLIKACIJA 5"},"content":{"rendered":"\t\t<div data-elementor-type=\"wp-post\" data-elementor-id=\"1171\" class=\"elementor elementor-1171\">\n\t\t\t\t\t\t\t\t\t<section class=\"elementor-section elementor-top-section elementor-element elementor-element-fa3b1af elementor-section-boxed elementor-section-height-default elementor-section-height-default\" data-id=\"fa3b1af\" data-element_type=\"section\">\n\t\t\t\t\t\t<div class=\"elementor-container elementor-column-gap-default\">\n\t\t\t\t\t<div class=\"elementor-column elementor-col-100 elementor-top-column elementor-element elementor-element-3bda260\" data-id=\"3bda260\" data-element_type=\"column\">\n\t\t\t<div class=\"elementor-widget-wrap elementor-element-populated\">\n\t\t\t\t\t\t\t\t<div class=\"elementor-element elementor-element-e252f44 elementor-widget elementor-widget-heading\" data-id=\"e252f44\" data-element_type=\"widget\" data-widget_type=\"heading.default\">\n\t\t\t\t<div class=\"elementor-widget-container\">\n\t\t\t<h1 class=\"elementor-heading-title elementor-size-default\">APARTMENT 5<\/h1>\t\t<\/div>\n\t\t\t\t<\/div>\n\t\t\t\t<div class=\"elementor-element elementor-element-4357cf3 animated-slow elementor-widget-divider--view-line elementor-invisible elementor-widget elementor-widget-divider\" data-id=\"4357cf3\" data-element_type=\"widget\" data-settings=\"{&quot;_animation&quot;:&quot;zoomIn&quot;}\" data-widget_type=\"divider.default\">\n\t\t\t\t<div class=\"elementor-widget-container\">\n\t\t\t\t\t<div class=\"elementor-divider\">\n\t\t\t<span class=\"elementor-divider-separator\">\n\t\t\t\t\t\t<\/span>\n\t\t<\/div>\n\t\t\t\t<\/div>\n\t\t\t\t<\/div>\n\t\t\t\t<div class=\"elementor-element elementor-element-55edb3e elementor-widget elementor-widget-shortcode\" data-id=\"55edb3e\" data-element_type=\"widget\" data-widget_type=\"shortcode.default\">\n\t\t\t\t<div class=\"elementor-widget-container\">\n\t\t\t\t\t<div class=\"elementor-shortcode\"><\/div>\n\t\t\t\t<\/div>\n\t\t\t\t<\/div>\n\t\t\t\t\t<\/div>\n\t\t<\/div>\n\t\t\t\t\t\t\t<\/div>\n\t\t<\/section>\n\t\t\t\t<section class=\"elementor-section elementor-top-section elementor-element elementor-element-1f19076 elementor-section-full_width elementor-section-height-default elementor-section-height-default\" data-id=\"1f19076\" data-element_type=\"section\">\n\t\t\t\t\t\t<div class=\"elementor-container elementor-column-gap-default\">\n\t\t\t\t\t<div class=\"elementor-column elementor-col-50 elementor-top-column elementor-element elementor-element-cdc1326\" data-id=\"cdc1326\" data-element_type=\"column\">\n\t\t\t<div class=\"elementor-widget-wrap elementor-element-populated\">\n\t\t\t\t\t\t\t\t<div class=\"elementor-element elementor-element-6a77cd7 elementor-arrows-position-inside elementor-widget elementor-widget-image-carousel\" data-id=\"6a77cd7\" data-element_type=\"widget\" data-settings=\"{&quot;slides_to_show&quot;:&quot;1&quot;,&quot;navigation&quot;:&quot;arrows&quot;,&quot;autoplay_speed&quot;:2000,&quot;effect&quot;:&quot;fade&quot;,&quot;speed&quot;:400,&quot;autoplay&quot;:&quot;yes&quot;,&quot;pause_on_hover&quot;:&quot;yes&quot;,&quot;pause_on_interaction&quot;:&quot;yes&quot;,&quot;infinite&quot;:&quot;yes&quot;}\" data-widget_type=\"image-carousel.default\">\n\t\t\t\t<div class=\"elementor-widget-container\">\n\t\t\t\t\t<div class=\"elementor-image-carousel-wrapper swiper-container\" dir=\"ltr\">\n\t\t\t<div class=\"elementor-image-carousel swiper-wrapper\" aria-live=\"off\">\n\t\t\t\t\t\t\t\t<div class=\"swiper-slide\" role=\"group\" aria-roledescription=\"slide\" aria-label=\"1 of 10\"><a data-elementor-open-lightbox=\"yes\" data-elementor-lightbox-slideshow=\"6a77cd7\" data-elementor-lightbox-title=\"5-dnevna\" data-e-action-hash=\"#elementor-action%3Aaction%3Dlightbox%26settings%3DeyJpZCI6ODA5LCJ1cmwiOiJodHRwczpcL1wvd3d3LmFwYXJ0bWFuaS1tYXJpamEuaHJcL3dvcmRwcmVzc1wvd3AtY29udGVudFwvdXBsb2Fkc1wvMjAxOVwvMDJcLzUtZG5ldm5hLmpwZyIsInNsaWRlc2hvdyI6IjZhNzdjZDcifQ%3D%3D\" href=\"https:\/\/www.apartmani-marija.hr\/wordpress\/wp-content\/uploads\/2019\/02\/5-dnevna.jpg\"><figure class=\"swiper-slide-inner\"><img decoding=\"async\" class=\"swiper-slide-image\" src=\"https:\/\/www.apartmani-marija.hr\/wordpress\/wp-content\/uploads\/2019\/02\/5-dnevna.jpg\" alt=\"5-dnevna\" \/><\/figure><\/a><\/div><div class=\"swiper-slide\" role=\"group\" aria-roledescription=\"slide\" aria-label=\"2 of 10\"><a data-elementor-open-lightbox=\"yes\" data-elementor-lightbox-slideshow=\"6a77cd7\" data-elementor-lightbox-title=\"5-pogled\" data-e-action-hash=\"#elementor-action%3Aaction%3Dlightbox%26settings%3DeyJpZCI6ODE2LCJ1cmwiOiJodHRwczpcL1wvd3d3LmFwYXJ0bWFuaS1tYXJpamEuaHJcL3dvcmRwcmVzc1wvd3AtY29udGVudFwvdXBsb2Fkc1wvMjAxOVwvMDJcLzUtcG9nbGVkLmpwZyIsInNsaWRlc2hvdyI6IjZhNzdjZDcifQ%3D%3D\" href=\"https:\/\/www.apartmani-marija.hr\/wordpress\/wp-content\/uploads\/2019\/02\/5-pogled.jpg\"><figure class=\"swiper-slide-inner\"><img decoding=\"async\" class=\"swiper-slide-image\" src=\"https:\/\/www.apartmani-marija.hr\/wordpress\/wp-content\/uploads\/2019\/02\/5-pogled.jpg\" alt=\"5-pogled\" \/><\/figure><\/a><\/div><div class=\"swiper-slide\" role=\"group\" aria-roledescription=\"slide\" aria-label=\"3 of 10\"><a data-elementor-open-lightbox=\"yes\" data-elementor-lightbox-slideshow=\"6a77cd7\" data-elementor-lightbox-title=\"5-dnevna_1\" data-e-action-hash=\"#elementor-action%3Aaction%3Dlightbox%26settings%3DeyJpZCI6ODEwLCJ1cmwiOiJodHRwczpcL1wvd3d3LmFwYXJ0bWFuaS1tYXJpamEuaHJcL3dvcmRwcmVzc1wvd3AtY29udGVudFwvdXBsb2Fkc1wvMjAxOVwvMDJcLzUtZG5ldm5hXzEuanBnIiwic2xpZGVzaG93IjoiNmE3N2NkNyJ9\" href=\"https:\/\/www.apartmani-marija.hr\/wordpress\/wp-content\/uploads\/2019\/02\/5-dnevna_1.jpg\"><figure class=\"swiper-slide-inner\"><img decoding=\"async\" class=\"swiper-slide-image\" src=\"https:\/\/www.apartmani-marija.hr\/wordpress\/wp-content\/uploads\/2019\/02\/5-dnevna_1.jpg\" alt=\"5-dnevna_1\" \/><\/figure><\/a><\/div><div class=\"swiper-slide\" role=\"group\" aria-roledescription=\"slide\" aria-label=\"4 of 10\"><a data-elementor-open-lightbox=\"yes\" data-elementor-lightbox-slideshow=\"6a77cd7\" data-elementor-lightbox-title=\"5-dnevna_2\" data-e-action-hash=\"#elementor-action%3Aaction%3Dlightbox%26settings%3DeyJpZCI6ODExLCJ1cmwiOiJodHRwczpcL1wvd3d3LmFwYXJ0bWFuaS1tYXJpamEuaHJcL3dvcmRwcmVzc1wvd3AtY29udGVudFwvdXBsb2Fkc1wvMjAxOVwvMDJcLzUtZG5ldm5hXzIuanBnIiwic2xpZGVzaG93IjoiNmE3N2NkNyJ9\" href=\"https:\/\/www.apartmani-marija.hr\/wordpress\/wp-content\/uploads\/2019\/02\/5-dnevna_2.jpg\"><figure class=\"swiper-slide-inner\"><img decoding=\"async\" class=\"swiper-slide-image\" src=\"https:\/\/www.apartmani-marija.hr\/wordpress\/wp-content\/uploads\/2019\/02\/5-dnevna_2.jpg\" alt=\"5-dnevna_2\" \/><\/figure><\/a><\/div><div class=\"swiper-slide\" role=\"group\" aria-roledescription=\"slide\" aria-label=\"5 of 10\"><a data-elementor-open-lightbox=\"yes\" data-elementor-lightbox-slideshow=\"6a77cd7\" data-elementor-lightbox-title=\"5-kuhinja\" data-e-action-hash=\"#elementor-action%3Aaction%3Dlightbox%26settings%3DeyJpZCI6ODEyLCJ1cmwiOiJodHRwczpcL1wvd3d3LmFwYXJ0bWFuaS1tYXJpamEuaHJcL3dvcmRwcmVzc1wvd3AtY29udGVudFwvdXBsb2Fkc1wvMjAxOVwvMDJcLzUta3VoaW5qYS5qcGciLCJzbGlkZXNob3ciOiI2YTc3Y2Q3In0%3D\" href=\"https:\/\/www.apartmani-marija.hr\/wordpress\/wp-content\/uploads\/2019\/02\/5-kuhinja.jpg\"><figure class=\"swiper-slide-inner\"><img decoding=\"async\" class=\"swiper-slide-image\" src=\"https:\/\/www.apartmani-marija.hr\/wordpress\/wp-content\/uploads\/2019\/02\/5-kuhinja.jpg\" alt=\"5-kuhinja\" \/><\/figure><\/a><\/div><div class=\"swiper-slide\" role=\"group\" aria-roledescription=\"slide\" aria-label=\"6 of 10\"><a data-elementor-open-lightbox=\"yes\" data-elementor-lightbox-slideshow=\"6a77cd7\" data-elementor-lightbox-title=\"5-kuhinja_1\" data-e-action-hash=\"#elementor-action%3Aaction%3Dlightbox%26settings%3DeyJpZCI6ODEzLCJ1cmwiOiJodHRwczpcL1wvd3d3LmFwYXJ0bWFuaS1tYXJpamEuaHJcL3dvcmRwcmVzc1wvd3AtY29udGVudFwvdXBsb2Fkc1wvMjAxOVwvMDJcLzUta3VoaW5qYV8xLmpwZyIsInNsaWRlc2hvdyI6IjZhNzdjZDcifQ%3D%3D\" href=\"https:\/\/www.apartmani-marija.hr\/wordpress\/wp-content\/uploads\/2019\/02\/5-kuhinja_1.jpg\"><figure class=\"swiper-slide-inner\"><img decoding=\"async\" class=\"swiper-slide-image\" src=\"https:\/\/www.apartmani-marija.hr\/wordpress\/wp-content\/uploads\/2019\/02\/5-kuhinja_1.jpg\" alt=\"5-kuhinja_1\" \/><\/figure><\/a><\/div><div class=\"swiper-slide\" role=\"group\" aria-roledescription=\"slide\" aria-label=\"7 of 10\"><a data-elementor-open-lightbox=\"yes\" data-elementor-lightbox-slideshow=\"6a77cd7\" data-elementor-lightbox-title=\"5-kupaona\" data-e-action-hash=\"#elementor-action%3Aaction%3Dlightbox%26settings%3DeyJpZCI6ODE0LCJ1cmwiOiJodHRwczpcL1wvd3d3LmFwYXJ0bWFuaS1tYXJpamEuaHJcL3dvcmRwcmVzc1wvd3AtY29udGVudFwvdXBsb2Fkc1wvMjAxOVwvMDJcLzUta3VwYW9uYS5qcGciLCJzbGlkZXNob3ciOiI2YTc3Y2Q3In0%3D\" href=\"https:\/\/www.apartmani-marija.hr\/wordpress\/wp-content\/uploads\/2019\/02\/5-kupaona.jpg\"><figure class=\"swiper-slide-inner\"><img decoding=\"async\" class=\"swiper-slide-image\" src=\"https:\/\/www.apartmani-marija.hr\/wordpress\/wp-content\/uploads\/2019\/02\/5-kupaona.jpg\" alt=\"5-kupaona\" \/><\/figure><\/a><\/div><div class=\"swiper-slide\" role=\"group\" aria-roledescription=\"slide\" aria-label=\"8 of 10\"><a data-elementor-open-lightbox=\"yes\" data-elementor-lightbox-slideshow=\"6a77cd7\" data-elementor-lightbox-title=\"5-kupaona_1\" data-e-action-hash=\"#elementor-action%3Aaction%3Dlightbox%26settings%3DeyJpZCI6ODE1LCJ1cmwiOiJodHRwczpcL1wvd3d3LmFwYXJ0bWFuaS1tYXJpamEuaHJcL3dvcmRwcmVzc1wvd3AtY29udGVudFwvdXBsb2Fkc1wvMjAxOVwvMDJcLzUta3VwYW9uYV8xLmpwZyIsInNsaWRlc2hvdyI6IjZhNzdjZDcifQ%3D%3D\" href=\"https:\/\/www.apartmani-marija.hr\/wordpress\/wp-content\/uploads\/2019\/02\/5-kupaona_1.jpg\"><figure class=\"swiper-slide-inner\"><img decoding=\"async\" class=\"swiper-slide-image\" src=\"https:\/\/www.apartmani-marija.hr\/wordpress\/wp-content\/uploads\/2019\/02\/5-kupaona_1.jpg\" alt=\"5-kupaona_1\" \/><\/figure><\/a><\/div><div class=\"swiper-slide\" role=\"group\" aria-roledescription=\"slide\" aria-label=\"9 of 10\"><a data-elementor-open-lightbox=\"yes\" data-elementor-lightbox-slideshow=\"6a77cd7\" data-elementor-lightbox-title=\"5-soba\" data-e-action-hash=\"#elementor-action%3Aaction%3Dlightbox%26settings%3DeyJpZCI6ODE3LCJ1cmwiOiJodHRwczpcL1wvd3d3LmFwYXJ0bWFuaS1tYXJpamEuaHJcL3dvcmRwcmVzc1wvd3AtY29udGVudFwvdXBsb2Fkc1wvMjAxOVwvMDJcLzUtc29iYS1lMTU1MDA3NDk4NTI4Ni5qcGciLCJzbGlkZXNob3ciOiI2YTc3Y2Q3In0%3D\" href=\"https:\/\/www.apartmani-marija.hr\/wordpress\/wp-content\/uploads\/2019\/02\/5-soba-e1550074985286.jpg\"><figure class=\"swiper-slide-inner\"><img decoding=\"async\" class=\"swiper-slide-image\" src=\"https:\/\/www.apartmani-marija.hr\/wordpress\/wp-content\/uploads\/2019\/02\/5-soba-e1550074985286.jpg\" alt=\"5-soba\" \/><\/figure><\/a><\/div><div class=\"swiper-slide\" role=\"group\" aria-roledescription=\"slide\" aria-label=\"10 of 10\"><a data-elementor-open-lightbox=\"yes\" data-elementor-lightbox-slideshow=\"6a77cd7\" data-elementor-lightbox-title=\"5-soba_1\" data-e-action-hash=\"#elementor-action%3Aaction%3Dlightbox%26settings%3DeyJpZCI6ODE4LCJ1cmwiOiJodHRwczpcL1wvd3d3LmFwYXJ0bWFuaS1tYXJpamEuaHJcL3dvcmRwcmVzc1wvd3AtY29udGVudFwvdXBsb2Fkc1wvMjAxOVwvMDJcLzUtc29iYV8xLWUxNTUwMDc0OTQ2NzAxLmpwZyIsInNsaWRlc2hvdyI6IjZhNzdjZDcifQ%3D%3D\" href=\"https:\/\/www.apartmani-marija.hr\/wordpress\/wp-content\/uploads\/2019\/02\/5-soba_1-e1550074946701.jpg\"><figure class=\"swiper-slide-inner\"><img decoding=\"async\" class=\"swiper-slide-image\" src=\"https:\/\/www.apartmani-marija.hr\/wordpress\/wp-content\/uploads\/2019\/02\/5-soba_1-e1550074946701.jpg\" alt=\"5-soba_1\" \/><\/figure><\/a><\/div>\t\t\t<\/div>\n\t\t\t\t\t\t\t\t\t\t\t\t<div class=\"elementor-swiper-button elementor-swiper-button-prev\" role=\"button\" tabindex=\"0\">\n\t\t\t\t\t\t<i aria-hidden=\"true\" class=\"eicon-chevron-left\"><\/i>\t\t\t\t\t<\/div>\n\t\t\t\t\t<div class=\"elementor-swiper-button elementor-swiper-button-next\" role=\"button\" tabindex=\"0\">\n\t\t\t\t\t\t<i aria-hidden=\"true\" class=\"eicon-chevron-right\"><\/i>\t\t\t\t\t<\/div>\n\t\t\t\t\n\t\t\t\t\t\t\t\t\t<\/div>\n\t\t\t\t<\/div>\n\t\t\t\t<\/div>\n\t\t\t\t\t<\/div>\n\t\t<\/div>\n\t\t\t\t<div class=\"elementor-column elementor-col-50 elementor-top-column elementor-element elementor-element-ea2ee29\" data-id=\"ea2ee29\" data-element_type=\"column\">\n\t\t\t<div class=\"elementor-widget-wrap elementor-element-populated\">\n\t\t\t\t\t\t\t\t<div class=\"elementor-element elementor-element-6d92d3d elementor-widget elementor-widget-text-editor\" data-id=\"6d92d3d\" data-element_type=\"widget\" data-widget_type=\"text-editor.default\">\n\t\t\t\t<div class=\"elementor-widget-container\">\n\t\t\t\t\t\t\t<p>Zapo\u010dnite svoj odmor s na\u0161im stanom samo 70 m od pla\u017ee i u\u017eivajte u prekrasnom zalazak sunca na terasi.&nbsp; Apartman 5 nalazi se na prvom katu u vrlo mirnoj \u010detvrti i prostran je 60 m \u00b2.&nbsp; Apartman ima jednu spava\u0107u sobu, dnevni boravak s kuhinjom i blagovaonicom, kupaonicu, dvije terase s pogledom na more. Kuhinja je potpuno opremljena.&nbsp; Na raspolaganju su posteljina i ru\u010dnici. Apartman ima klima ure\u0111aj i ima vlastito parkirno mjesto.&nbsp;<span style=\"font-family: &quot;Work Sans&quot;, sans-serif; font-size: 16px; font-style: normal; font-variant-ligatures: normal; font-variant-caps: normal; font-weight: 400; color: var( --e-global-color-text );\">Kako bismo osigurali ugodan boravak za sve na\u0161e goste, na\u017ealost, ne mo\u017eemo primiti ku\u0107ne ljubimce.<\/span><\/p>\t\t\t\t\t\t<\/div>\n\t\t\t\t<\/div>\n\t\t\t\t\t<\/div>\n\t\t<\/div>\n\t\t\t\t\t\t\t<\/div>\n\t\t<\/section>\n\t\t\t\t<section class=\"elementor-section elementor-top-section elementor-element elementor-element-05cb7a3 elementor-section-boxed elementor-section-height-default elementor-section-height-default\" data-id=\"05cb7a3\" data-element_type=\"section\">\n\t\t\t\t\t\t<div class=\"elementor-container elementor-column-gap-default\">\n\t\t\t\t\t<div class=\"elementor-column elementor-col-50 elementor-top-column elementor-element elementor-element-b20e118\" data-id=\"b20e118\" data-element_type=\"column\">\n\t\t\t<div class=\"elementor-widget-wrap elementor-element-populated\">\n\t\t\t\t\t\t\t\t<div class=\"elementor-element elementor-element-81c2186 elementor-widget elementor-widget-text-editor\" data-id=\"81c2186\" data-element_type=\"widget\" data-widget_type=\"text-editor.default\">\n\t\t\t\t<div class=\"elementor-widget-container\">\n\t\t\t\t\t\t\t<p><strong>OPIS APARTMANA<\/strong><\/p><ul><li>1. kat<\/li><li>1-jednosobni apartman za 2-4 osoba<\/li><li>jedna spava\u0107a soba s bra\u010dnim krevetom<\/li><li>dnevni boravak s 2 le\u017eaja<\/li><li>opremljena kuhinja<\/li><li>kupaonica s tu\u0161em<\/li><li>Klima<\/li><li>Mikrovalna<\/li><li>aparat za kavu<\/li><li>hladnjak s ledenim odjeljkom<\/li><li>digitalni SAT TV\u00a0<\/li><li>terasa sa suncem slijepom i izravnim pogledom na more<\/li><li>terasu aplikacije. 5 i APP. 6 mo\u017ee se pridru\u017eiti na jednoj velikoj terasi<\/li><li>manja terasa od spava\u0107e sobe s pogledom na more<\/li><li>ru\u010dnici i posteljina (svakih 7 dana \u010diste)<\/li><li>\u00a0<\/li><\/ul>\t\t\t\t\t\t<\/div>\n\t\t\t\t<\/div>\n\t\t\t\t\t<\/div>\n\t\t<\/div>\n\t\t\t\t<div class=\"elementor-column elementor-col-50 elementor-top-column elementor-element elementor-element-4ca1d8f\" data-id=\"4ca1d8f\" data-element_type=\"column\">\n\t\t\t<div class=\"elementor-widget-wrap elementor-element-populated\">\n\t\t\t\t\t\t\t\t<div class=\"elementor-element elementor-element-3cbd31e elementor-widget elementor-widget-image\" data-id=\"3cbd31e\" data-element_type=\"widget\" data-widget_type=\"image.default\">\n\t\t\t\t<div class=\"elementor-widget-container\">\n\t\t\t\t\t\t\t\t\t\t\t\t\t\t\t<img decoding=\"async\" src=\"https:\/\/www.apartmani-marija.hr\/wordpress\/wp-content\/uploads\/2019\/02\/tlocrt-appB.jpg\" title=\"tlocrt appB\" alt=\"tlocrt appB\" loading=\"lazy\" \/>\t\t\t\t\t\t\t\t\t\t\t\t\t\t\t<\/div>\n\t\t\t\t<\/div>\n\t\t\t\t\t<\/div>\n\t\t<\/div>\n\t\t\t\t\t\t\t<\/div>\n\t\t<\/section>\n\t\t\t\t\t\t\t<\/div>\n\t\t","protected":false},"excerpt":{"rendered":"<p>APARTMENT 5 Zapo\u010dnite svoj odmor s na\u0161im stanom samo 70 m od pla\u017ee i u\u017eivajte u prekrasnom zalazak sunca na terasi.&nbsp; Apartman 5 nalazi se na prvom katu u vrlo mirnoj \u010detvrti i prostran je 60 m \u00b2.&nbsp; Apartman ima jednu spava\u0107u sobu, dnevni boravak s kuhinjom i blagovaonicom, kupaonicu, dvije terase s pogledom na [&hellip;]<\/p>\n","protected":false},"author":1,"featured_media":0,"parent":0,"menu_order":0,"comment_status":"closed","ping_status":"closed","template":"","meta":{"om_disable_all_campaigns":false,"_monsterinsights_skip_tracking":false,"_monsterinsights_sitenote_active":false,"_monsterinsights_sitenote_note":"","_monsterinsights_sitenote_category":0,"footnotes":""},"class_list":["post-1171","page","type-page","status-publish","hentry","entry"],"aioseo_notices":[],"_links":{"self":[{"href":"https:\/\/www.apartmani-marija.hr\/wordpress\/wp-json\/wp\/v2\/pages\/1171","targetHints":{"allow":["GET"]}}],"collection":[{"href":"https:\/\/www.apartmani-marija.hr\/wordpress\/wp-json\/wp\/v2\/pages"}],"about":[{"href":"https:\/\/www.apartmani-marija.hr\/wordpress\/wp-json\/wp\/v2\/types\/page"}],"author":[{"embeddable":true,"href":"https:\/\/www.apartmani-marija.hr\/wordpress\/wp-json\/wp\/v2\/users\/1"}],"replies":[{"embeddable":true,"href":"https:\/\/www.apartmani-marija.hr\/wordpress\/wp-json\/wp\/v2\/comments?post=1171"}],"version-history":[{"count":3,"href":"https:\/\/www.apartmani-marija.hr\/wordpress\/wp-json\/wp\/v2\/pages\/1171\/revisions"}],"predecessor-version":[{"id":1903,"href":"https:\/\/www.apartmani-marija.hr\/wordpress\/wp-json\/wp\/v2\/pages\/1171\/revisions\/1903"}],"wp:attachment":[{"href":"https:\/\/www.apartmani-marija.hr\/wordpress\/wp-json\/wp\/v2\/media?parent=1171"}],"curies":[{"name":"wp","href":"https:\/\/api.w.org\/{rel}","templated":true}]}}